{"id":449,"date":"2021-09-21T17:34:45","date_gmt":"2021-09-21T15:34:45","guid":{"rendered":"https:\/\/urbanadventure.es\/valencia\/?page_id=449"},"modified":"2023-04-13T13:46:21","modified_gmt":"2023-04-13T11:46:21","slug":"preguntas-frecuentes","status":"publish","type":"page","link":"https:\/\/urbanadventure.es\/valencia\/preguntas-frecuentes\/","title":{"rendered":"Preguntas frecuentes"},"content":{"rendered":"<p>[et_pb_section fb_built=\u00bb1&#8243; _builder_version=\u00bb4.7.4&#8243; _module_preset=\u00bbdefault\u00bb background_image=\u00bbhttps:\/\/urbanadventure.es\/valencia\/wp-content\/uploads\/sites\/2\/2021\/08\/paintball-en-valencia.png\u00bb min_height=\u00bb473px\u00bb global_colors_info=\u00bb{}\u00bb][et_pb_row _builder_version=\u00bb4.7.4&#8243; _module_preset=\u00bbdefault\u00bb custom_padding=\u00bb53px||53px||true|\u00bb global_colors_info=\u00bb{}\u00bb][et_pb_column type=\u00bb4_4&#8243; _builder_version=\u00bb4.7.4&#8243; _module_preset=\u00bbdefault\u00bb global_colors_info=\u00bb{}\u00bb][et_pb_text _builder_version=\u00bb4.11.3&#8243; _module_preset=\u00bbdefault\u00bb header_font_size=\u00bb65px\u00bb header_2_font_size=\u00bb64px\u00bb header_text_shadow_style=\u00bbpreset2&#8243; header_2_text_shadow_style=\u00bbpreset5&#8243; global_colors_info=\u00bb{}\u00bb]<\/p>\n<h1 style=\"text-align: center;\"><span style=\"color: #ffffff;\">PREGUNTAS FRECUENTES<\/span><\/h1>\n<p>[\/et_pb_text][\/et_pb_column][\/et_pb_row][\/et_pb_section][et_pb_section fb_built=\u00bb1&#8243; _builder_version=\u00bb4.7.4&#8243; _module_preset=\u00bbdefault\u00bb custom_padding=\u00bb50px||54px|||\u00bb global_colors_info=\u00bb{}\u00bb][et_pb_row _builder_version=\u00bb4.7.4&#8243; _module_preset=\u00bbdefault\u00bb global_colors_info=\u00bb{}\u00bb][et_pb_column type=\u00bb4_4&#8243; _builder_version=\u00bb4.7.4&#8243; _module_preset=\u00bbdefault\u00bb global_colors_info=\u00bb{}\u00bb][et_pb_toggle title=\u00bb\u00bfPuedo aparcar mi coche en el parking? \u00bfCu\u00e1nto cuesta?\u00bb open_toggle_background_color=\u00bbrgba(0,0,0,0)\u00bb closed_toggle_text_color=\u00bb#ffffff\u00bb closed_toggle_background_color=\u00bb#e02b20&#8243; icon_color=\u00bb#ffffff\u00bb use_icon_font_size=\u00bbon\u00bb icon_font_size=\u00bb20px\u00bb _builder_version=\u00bb4.7.4&#8243; _module_preset=\u00bbdefault\u00bb closed_title_font_size=\u00bb23px\u00bb custom_margin=\u00bb||25px|||\u00bb global_colors_info=\u00bb{}\u00bb]<\/p>\n<p>Urban Paintball Valencia dispone de un parking para 30 veh\u00edculos totalmente gratuito para clientes.<\/p>\n<p>[\/et_pb_toggle][et_pb_toggle title=\u00bb\u00bfQu\u00e9 tipo de ropa debo llevar?\u00bb open_toggle_background_color=\u00bbrgba(0,0,0,0)\u00bb closed_toggle_text_color=\u00bb#ffffff\u00bb closed_toggle_background_color=\u00bb#e02b20&#8243; icon_color=\u00bb#ffffff\u00bb use_icon_font_size=\u00bbon\u00bb icon_font_size=\u00bb20px\u00bb _builder_version=\u00bb4.7.4&#8243; _module_preset=\u00bbdefault\u00bb closed_title_font_size=\u00bb23px\u00bb custom_margin=\u00bb||25px|||\u00bb global_colors_info=\u00bb{}\u00bb]<\/p>\n<p>Te recomendamos que al tratarse de una actividad que implica esfuerzo f\u00edsico vengas provisto de calzado y ropa deportiva o de monta\u00f1a.<\/p>\n<p>[\/et_pb_toggle][et_pb_toggle title=\u00bb\u00bfPuedo llevar mi propia comida?\u00bb open_toggle_background_color=\u00bbrgba(0,0,0,0)\u00bb closed_toggle_text_color=\u00bb#ffffff\u00bb closed_toggle_background_color=\u00bb#e02b20&#8243; icon_color=\u00bb#ffffff\u00bb use_icon_font_size=\u00bbon\u00bb icon_font_size=\u00bb20px\u00bb _builder_version=\u00bb4.11.3&#8243; _module_preset=\u00bbdefault\u00bb closed_title_font_size=\u00bb23px\u00bb custom_margin=\u00bb||25px|||\u00bb hover_enabled=\u00bb0&#8243; global_colors_info=\u00bb{}\u00bb sticky_enabled=\u00bb0&#8243;]<\/p>\n<p>S\u00ed, en Urban Paintball Valencia disponemos de una amplia zona de picnic con sombra de uso libre para que puedas disfrutar de una jornada sosegada con tus compa\u00f1eros.<\/p>\n<p>[\/et_pb_toggle][et_pb_toggle title=\u00bb\u00bfCu\u00e1ntos tenemos que ser?\u00bb open_toggle_background_color=\u00bbrgba(0,0,0,0)\u00bb closed_toggle_text_color=\u00bb#ffffff\u00bb closed_toggle_background_color=\u00bb#e02b20&#8243; icon_color=\u00bb#ffffff\u00bb use_icon_font_size=\u00bbon\u00bb icon_font_size=\u00bb20px\u00bb _builder_version=\u00bb4.7.4&#8243; _module_preset=\u00bbdefault\u00bb closed_title_font_size=\u00bb23px\u00bb custom_margin=\u00bb||25px|||\u00bb global_colors_info=\u00bb{}\u00bb]<\/p>\n<p>Podremos organizar tu partida si sois un m\u00ednimo de 6 personas.<\/p>\n<p>[\/et_pb_toggle][et_pb_toggle title=\u00bb\u00bfCu\u00e1l es la edad minima para poder jugar?\u00bb open_toggle_background_color=\u00bbrgba(0,0,0,0)\u00bb closed_toggle_text_color=\u00bb#ffffff\u00bb closed_toggle_background_color=\u00bb#e02b20&#8243; icon_color=\u00bb#ffffff\u00bb use_icon_font_size=\u00bbon\u00bb icon_font_size=\u00bb20px\u00bb _builder_version=\u00bb4.7.4&#8243; _module_preset=\u00bbdefault\u00bb closed_title_font_size=\u00bb23px\u00bb custom_margin=\u00bb||25px|||\u00bb global_colors_info=\u00bb{}\u00bb]<\/p>\n<p>Pese a no existir ninguna normativa al respecto, te recomendamos que nos consultes antes de hacer la reserva, ya que existen ciertas limitaciones de altura y forma f\u00edsica para practicar este deporte.<\/p>\n<p>[\/et_pb_toggle][et_pb_toggle title=\u00bb\u00bfC\u00f3mo puedo reservar?\u00bb open_toggle_background_color=\u00bbrgba(0,0,0,0)\u00bb closed_toggle_text_color=\u00bb#ffffff\u00bb closed_toggle_background_color=\u00bb#e02b20&#8243; icon_color=\u00bb#ffffff\u00bb use_icon_font_size=\u00bbon\u00bb icon_font_size=\u00bb20px\u00bb _builder_version=\u00bb4.7.4&#8243; _module_preset=\u00bbdefault\u00bb closed_title_font_size=\u00bb23px\u00bb custom_margin=\u00bb||25px|||\u00bb global_colors_info=\u00bb{}\u00bb]<\/p>\n<p>Para formalizar una reserva deber\u00e1s contactar con nosotros a trav\u00e9s del tel\u00e9fono 633 300 344 o en\u00a0<a href=\"mailto:reservas@urbanpaintball.es\">reservas@urbanpaintball.es<\/a>, despu\u00e9s de comprobar la disponibilidad deber\u00e1s hacer un ingreso o una transferencia bancaria al numero de cuenta que te facilitemos, indic\u00e1ndonos en el concepto tu nombre, d\u00eda y hora de la partida, de esta forma tendr\u00e1s garantizada la disponibilidad de nuestras instalaciones.<\/p>\n<p>[\/et_pb_toggle][et_pb_toggle title=\u00bb\u00bfCu\u00e1les son nuestras tarifas?\u00bb open_toggle_background_color=\u00bbrgba(0,0,0,0)\u00bb closed_toggle_text_color=\u00bb#ffffff\u00bb closed_toggle_background_color=\u00bb#e02b20&#8243; icon_color=\u00bb#ffffff\u00bb use_icon_font_size=\u00bbon\u00bb icon_font_size=\u00bb20px\u00bb _builder_version=\u00bb4.7.4&#8243; _module_preset=\u00bbdefault\u00bb closed_title_font_size=\u00bb23px\u00bb custom_margin=\u00bb||25px|||\u00bb global_colors_info=\u00bb{}\u00bb]<\/p>\n<p>Podras disfrutar de una partida de Paintball desde 15\u20ac por persona, no olvides consultar nuestras promociones.<\/p>\n<p>[\/et_pb_toggle][et_pb_toggle title=\u00bb\u00bfQu\u00e9 tiempo va a hacer?\u00bb open_toggle_background_color=\u00bbrgba(0,0,0,0)\u00bb closed_toggle_text_color=\u00bb#ffffff\u00bb closed_toggle_background_color=\u00bb#e02b20&#8243; icon_color=\u00bb#ffffff\u00bb use_icon_font_size=\u00bbon\u00bb icon_font_size=\u00bb20px\u00bb _builder_version=\u00bb4.7.4&#8243; _module_preset=\u00bbdefault\u00bb closed_title_font_size=\u00bb23px\u00bb custom_margin=\u00bb||25px|||\u00bb global_colors_info=\u00bb{}\u00bb]<\/p>\n<p>Pincha aqu\u00ed para ver que\u00a0<a href=\"http:\/\/www.tutiempo.net\/Tiempo-San-Antonio-de-Benageber-E46664.html\">tiempo va a hacer<\/a>.<\/p>\n<p>[\/et_pb_toggle][et_pb_toggle title=\u00bb\u00bfComo llegar?\u00bb open_toggle_background_color=\u00bbrgba(0,0,0,0)\u00bb closed_toggle_text_color=\u00bb#ffffff\u00bb closed_toggle_background_color=\u00bb#e02b20&#8243; icon_color=\u00bb#ffffff\u00bb use_icon_font_size=\u00bbon\u00bb icon_font_size=\u00bb20px\u00bb _builder_version=\u00bb4.11.0&#8243; _module_preset=\u00bbdefault\u00bb closed_title_font_size=\u00bb23px\u00bb custom_margin=\u00bb||25px|||\u00bb global_colors_info=\u00bb{}\u00bb]Puedes llegar de diferentes formas a Urban Paintball Valencia: En vehiculo privado o en Metrobus (consulta la secci\u00f3n de\u00a0<a href=\"https:\/\/urbanadventure.es\/valencia\/como-llegar\/\">c\u00f3mo llegar<\/a>).[\/et_pb_toggle][et_pb_toggle title=\u00bb\u00bfCu\u00e1l es nuestro horario?\u00bb open_toggle_background_color=\u00bbrgba(0,0,0,0)\u00bb closed_toggle_text_color=\u00bb#ffffff\u00bb closed_toggle_background_color=\u00bb#e02b20&#8243; icon_color=\u00bb#ffffff\u00bb use_icon_font_size=\u00bbon\u00bb icon_font_size=\u00bb20px\u00bb _builder_version=\u00bb4.7.4&#8243; _module_preset=\u00bbdefault\u00bb closed_title_font_size=\u00bb23px\u00bb custom_margin=\u00bb||25px|||\u00bb global_colors_info=\u00bb{}\u00bb]<\/p>\n<p>Puedes venir a jugar cuando quieras en Urban Paintball abrimos los 365 dias del a\u00f1o, desde las &amp;nbsp;8:00 de la ma\u00f1ana hasta las 23:00. Nuestra instalaci\u00f3n y campos est\u00e1n completamente iluminados por lo que puedes jugar tus partidas desde la ma\u00f1ana hasta la noche.<\/p>\n<p>[\/et_pb_toggle][\/et_pb_column][\/et_pb_row][\/et_pb_section][et_pb_section fb_built=\u00bb1&#8243; _builder_version=\u00bb4.7.4&#8243; _module_preset=\u00bbdefault\u00bb background_color=\u00bbrgba(0,0,0,0)\u00bb background_image=\u00bbhttps:\/\/urbanadventure.es\/valencia\/wp-content\/uploads\/sites\/2\/2021\/07\/footer.png\u00bb background_position=\u00bbtop_center\u00bb custom_margin=\u00bb4px|||||\u00bb custom_padding=\u00bb3px||0px|||\u00bb global_module=\u00bb29&#8243; saved_tabs=\u00bball\u00bb global_colors_info=\u00bb{}\u00bb][\/et_pb_section]<\/p>\n","protected":false},"excerpt":{"rendered":"<p>PREGUNTAS FRECUENTESUrban Paintball Valencia dispone de un parking para 30 veh\u00edculos totalmente gratuito para clientes.Te recomendamos que al tratarse de una actividad que implica esfuerzo f\u00edsico vengas provisto de calzado y ropa deportiva o de monta\u00f1a.S\u00ed, en Urban Paintball Valencia disponemos de una amplia zona de picnic con sombra de uso libre para que puedas [&hellip;]<\/p>\n","protected":false},"author":1,"featured_media":0,"parent":0,"menu_order":0,"comment_status":"closed","ping_status":"closed","template":"","meta":{"_et_pb_use_builder":"on","_et_pb_old_content":"<!-- wp:divi\/placeholder \/-->","_et_gb_content_width":"","footnotes":""},"class_list":["post-449","page","type-page","status-publish","hentry"],"yoast_head":"<!-- This site is optimized with the Yoast SEO plugin v27.5 - https:\/\/yoast.com\/product\/yoast-seo-wordpress\/ -->\n<title>Preguntas frecuentes - Urban Adventure Valencia<\/title>\n<meta name=\"robots\" content=\"index, follow, max-snippet:-1, max-image-preview:large, max-video-preview:-1\" \/>\n<link rel=\"canonical\" href=\"https:\/\/urbanadventure.es\/valencia\/preguntas-frecuentes\/\" \/>\n<meta property=\"og:locale\" content=\"es_ES\" \/>\n<meta property=\"og:type\" content=\"article\" \/>\n<meta property=\"og:title\" content=\"Preguntas frecuentes - Urban Adventure Valencia\" \/>\n<meta property=\"og:description\" content=\"PREGUNTAS FRECUENTESUrban Paintball Valencia dispone de un parking para 30 veh\u00edculos totalmente gratuito para clientes.Te recomendamos que al tratarse de una actividad que implica esfuerzo f\u00edsico vengas provisto de calzado y ropa deportiva o de monta\u00f1a.S\u00ed, en Urban Paintball Valencia disponemos de una amplia zona de picnic con sombra de uso libre para que puedas [&hellip;]\" \/>\n<meta property=\"og:url\" content=\"https:\/\/urbanadventure.es\/valencia\/preguntas-frecuentes\/\" \/>\n<meta property=\"og:site_name\" content=\"Urban Adventure Valencia\" \/>\n<meta property=\"article:modified_time\" content=\"2023-04-13T11:46:21+00:00\" \/>\n<meta name=\"twitter:card\" content=\"summary_large_image\" \/>\n<meta name=\"twitter:label1\" content=\"Tiempo de lectura\" \/>\n\t<meta name=\"twitter:data1\" content=\"5 minutos\" \/>\n<script type=\"application\/ld+json\" class=\"yoast-schema-graph\">{\"@context\":\"https:\\\/\\\/schema.org\",\"@graph\":[{\"@type\":\"WebPage\",\"@id\":\"https:\\\/\\\/urbanadventure.es\\\/valencia\\\/preguntas-frecuentes\\\/\",\"url\":\"https:\\\/\\\/urbanadventure.es\\\/valencia\\\/preguntas-frecuentes\\\/\",\"name\":\"Preguntas frecuentes - Urban Adventure Valencia\",\"isPartOf\":{\"@id\":\"https:\\\/\\\/urbanadventure.es\\\/valencia\\\/#website\"},\"datePublished\":\"2021-09-21T15:34:45+00:00\",\"dateModified\":\"2023-04-13T11:46:21+00:00\",\"breadcrumb\":{\"@id\":\"https:\\\/\\\/urbanadventure.es\\\/valencia\\\/preguntas-frecuentes\\\/#breadcrumb\"},\"inLanguage\":\"es\",\"potentialAction\":[{\"@type\":\"ReadAction\",\"target\":[\"https:\\\/\\\/urbanadventure.es\\\/valencia\\\/preguntas-frecuentes\\\/\"]}]},{\"@type\":\"BreadcrumbList\",\"@id\":\"https:\\\/\\\/urbanadventure.es\\\/valencia\\\/preguntas-frecuentes\\\/#breadcrumb\",\"itemListElement\":[{\"@type\":\"ListItem\",\"position\":1,\"name\":\"Portada\",\"item\":\"https:\\\/\\\/urbanadventure.es\\\/valencia\\\/\"},{\"@type\":\"ListItem\",\"position\":2,\"name\":\"Preguntas frecuentes\"}]},{\"@type\":\"WebSite\",\"@id\":\"https:\\\/\\\/urbanadventure.es\\\/valencia\\\/#website\",\"url\":\"https:\\\/\\\/urbanadventure.es\\\/valencia\\\/\",\"name\":\"Urban Adventure Valencia\",\"description\":\"Otro sitio m\u00e1s de Urban Adventure\",\"potentialAction\":[{\"@type\":\"SearchAction\",\"target\":{\"@type\":\"EntryPoint\",\"urlTemplate\":\"https:\\\/\\\/urbanadventure.es\\\/valencia\\\/?s={search_term_string}\"},\"query-input\":{\"@type\":\"PropertyValueSpecification\",\"valueRequired\":true,\"valueName\":\"search_term_string\"}}],\"inLanguage\":\"es\"}]}<\/script>\n<!-- \/ Yoast SEO plugin. -->","yoast_head_json":{"title":"Preguntas frecuentes - Urban Adventure Valencia","robots":{"index":"index","follow":"follow","max-snippet":"max-snippet:-1","max-image-preview":"max-image-preview:large","max-video-preview":"max-video-preview:-1"},"canonical":"https:\/\/urbanadventure.es\/valencia\/preguntas-frecuentes\/","og_locale":"es_ES","og_type":"article","og_title":"Preguntas frecuentes - Urban Adventure Valencia","og_description":"PREGUNTAS FRECUENTESUrban Paintball Valencia dispone de un parking para 30 veh\u00edculos totalmente gratuito para clientes.Te recomendamos que al tratarse de una actividad que implica esfuerzo f\u00edsico vengas provisto de calzado y ropa deportiva o de monta\u00f1a.S\u00ed, en Urban Paintball Valencia disponemos de una amplia zona de picnic con sombra de uso libre para que puedas [&hellip;]","og_url":"https:\/\/urbanadventure.es\/valencia\/preguntas-frecuentes\/","og_site_name":"Urban Adventure Valencia","article_modified_time":"2023-04-13T11:46:21+00:00","twitter_card":"summary_large_image","twitter_misc":{"Tiempo de lectura":"5 minutos"},"schema":{"@context":"https:\/\/schema.org","@graph":[{"@type":"WebPage","@id":"https:\/\/urbanadventure.es\/valencia\/preguntas-frecuentes\/","url":"https:\/\/urbanadventure.es\/valencia\/preguntas-frecuentes\/","name":"Preguntas frecuentes - Urban Adventure Valencia","isPartOf":{"@id":"https:\/\/urbanadventure.es\/valencia\/#website"},"datePublished":"2021-09-21T15:34:45+00:00","dateModified":"2023-04-13T11:46:21+00:00","breadcrumb":{"@id":"https:\/\/urbanadventure.es\/valencia\/preguntas-frecuentes\/#breadcrumb"},"inLanguage":"es","potentialAction":[{"@type":"ReadAction","target":["https:\/\/urbanadventure.es\/valencia\/preguntas-frecuentes\/"]}]},{"@type":"BreadcrumbList","@id":"https:\/\/urbanadventure.es\/valencia\/preguntas-frecuentes\/#breadcrumb","itemListElement":[{"@type":"ListItem","position":1,"name":"Portada","item":"https:\/\/urbanadventure.es\/valencia\/"},{"@type":"ListItem","position":2,"name":"Preguntas frecuentes"}]},{"@type":"WebSite","@id":"https:\/\/urbanadventure.es\/valencia\/#website","url":"https:\/\/urbanadventure.es\/valencia\/","name":"Urban Adventure Valencia","description":"Otro sitio m\u00e1s de Urban Adventure","potentialAction":[{"@type":"SearchAction","target":{"@type":"EntryPoint","urlTemplate":"https:\/\/urbanadventure.es\/valencia\/?s={search_term_string}"},"query-input":{"@type":"PropertyValueSpecification","valueRequired":true,"valueName":"search_term_string"}}],"inLanguage":"es"}]}},"_links":{"self":[{"href":"https:\/\/urbanadventure.es\/valencia\/wp-json\/wp\/v2\/pages\/449","targetHints":{"allow":["GET"]}}],"collection":[{"href":"https:\/\/urbanadventure.es\/valencia\/wp-json\/wp\/v2\/pages"}],"about":[{"href":"https:\/\/urbanadventure.es\/valencia\/wp-json\/wp\/v2\/types\/page"}],"author":[{"embeddable":true,"href":"https:\/\/urbanadventure.es\/valencia\/wp-json\/wp\/v2\/users\/1"}],"replies":[{"embeddable":true,"href":"https:\/\/urbanadventure.es\/valencia\/wp-json\/wp\/v2\/comments?post=449"}],"version-history":[{"count":6,"href":"https:\/\/urbanadventure.es\/valencia\/wp-json\/wp\/v2\/pages\/449\/revisions"}],"predecessor-version":[{"id":800,"href":"https:\/\/urbanadventure.es\/valencia\/wp-json\/wp\/v2\/pages\/449\/revisions\/800"}],"wp:attachment":[{"href":"https:\/\/urbanadventure.es\/valencia\/wp-json\/wp\/v2\/media?parent=449"}],"curies":[{"name":"wp","href":"https:\/\/api.w.org\/{rel}","templated":true}]}}