{"id":261,"date":"2021-09-14T13:11:08","date_gmt":"2021-09-14T11:11:08","guid":{"rendered":"https:\/\/urbanadventure.es\/valencia\/?page_id=261"},"modified":"2021-11-16T14:51:19","modified_gmt":"2021-11-16T12:51:19","slug":"outdoor","status":"publish","type":"page","link":"https:\/\/urbanadventure.es\/valencia\/actividades\/outdoor\/","title":{"rendered":"Outdoor"},"content":{"rendered":"<p>[et_pb_section fb_built=\u00bb1&#8243; _builder_version=\u00bb4.11.3&#8243; _module_preset=\u00bbdefault\u00bb background_image=\u00bbhttps:\/\/urbanadventure.es\/valencia\/wp-content\/uploads\/sites\/2\/2021\/08\/banner-acciones.jpg\u00bb min_height=\u00bb370px\u00bb hover_enabled=\u00bb0&#8243; global_colors_info=\u00bb{}\u00bb sticky_enabled=\u00bb0&#8243; min_height_last_edited=\u00bbon|phone\u00bb][et_pb_row _builder_version=\u00bb4.7.4&#8243; _module_preset=\u00bbdefault\u00bb custom_padding=\u00bb53px||53px||true|\u00bb global_colors_info=\u00bb{}\u00bb][et_pb_column type=\u00bb4_4&#8243; _builder_version=\u00bb4.7.4&#8243; _module_preset=\u00bbdefault\u00bb global_colors_info=\u00bb{}\u00bb][et_pb_text _builder_version=\u00bb4.11.3&#8243; _module_preset=\u00bbdefault\u00bb header_2_font_size=\u00bb52px\u00bb hover_enabled=\u00bb0&#8243; header_text_shadow_style=\u00bbpreset2&#8243; header_2_text_shadow_style=\u00bbpreset5&#8243; global_colors_info=\u00bb{}\u00bb sticky_enabled=\u00bb0&#8243;]<\/p>\n<h2 style=\"text-align: center;\"><span style=\"color: #ffffff;\">OUTDOOR<\/span><\/h2>\n<div id=\"gtx-trans\" style=\"position: absolute; left: 254px; top: 4.90625px;\">\n<div class=\"gtx-trans-icon\"><\/div>\n<\/div>\n<p>[\/et_pb_text][\/et_pb_column][\/et_pb_row][\/et_pb_section][et_pb_section fb_built=\u00bb1&#8243; _builder_version=\u00bb4.7.4&#8243; _module_preset=\u00bbdefault\u00bb custom_padding=\u00bb||41px|||\u00bb global_colors_info=\u00bb{}\u00bb][et_pb_row column_structure=\u00bb1_2,1_2&#8243; _builder_version=\u00bb4.7.4&#8243; _module_preset=\u00bbdefault\u00bb width=\u00bb90%\u00bb global_colors_info=\u00bb{}\u00bb][et_pb_column type=\u00bb1_2&#8243; _builder_version=\u00bb4.7.4&#8243; _module_preset=\u00bbdefault\u00bb global_colors_info=\u00bb{}\u00bb][et_pb_text _builder_version=\u00bb4.7.4&#8243; _module_preset=\u00bbdefault\u00bb custom_margin=\u00bb||28px|||\u00bb global_colors_info=\u00bb{}\u00bb]<\/p>\n<h1>URBAN ADVENTURE OUTDOOR<\/h1>\n<p>[\/et_pb_text][et_pb_text _builder_version=\u00bb4.7.4&#8243; _module_preset=\u00bbdefault\u00bb global_colors_info=\u00bb{}\u00bb]<\/p>\n<p>\u00bfEst\u00e1s pensando en montar una actividad, unas jornadas l\u00fadicas, un gran evento, un d\u00eda especial, una comuni\u00f3n, etc&#8230;?<\/p>\n<p>Urban Adventure es una empresa que por su larga experiencia en la organizaci\u00f3n de todo tipo de eventos y de actividades para eventos, grupos, empresas y grandes colectivos.<\/p>\n<p>Son muchas las diferentes opciones y actividades que tenemos disponibles, pero queremos conocerte, conocer tus necesidades y hacerte una propuesta \u00fanica para tu evento.<\/p>\n<p>Estamos formados por un gran equipo profesional especializado en el dise\u00f1o y desarrollo de jornadas de ocio tanto indoor como outdoor, contamos con la log\u00edstica necesaria para realizar el evento sin ning\u00fan tipo de limitaci\u00f3n garantizando en todo momento la m\u00e1xima seguridad y calidad.<\/p>\n<p>Desde URBAN ADVENTURE os ofrecemos la posibilidad de organizaros vuestra jornada de Urban Paintball, Urban Bubbles, Urban Archery o Urban Cross donde vosotros quer\u00e1is.<\/p>\n<p>[\/et_pb_text][\/et_pb_column][et_pb_column type=\u00bb1_2&#8243; _builder_version=\u00bb4.7.4&#8243; _module_preset=\u00bbdefault\u00bb global_colors_info=\u00bb{}\u00bb][et_pb_code _builder_version=\u00bb4.7.4&#8243; _module_preset=\u00bbdefault\u00bb global_colors_info=\u00bb{}\u00bb]<iframe loading=\"lazy\" width=\"560\" height=\"315\" src=\"https:\/\/www.youtube.com\/embed\/cKHRGBUm4Y0\" title=\"YouTube video player\" frameborder=\"0\" allow=\"accelerometer; autoplay; clipboard-write; encrypted-media; gyroscope; picture-in-picture\" allowfullscreen><\/iframe>[\/et_pb_code][\/et_pb_column][\/et_pb_row][\/et_pb_section][et_pb_section fb_built=\u00bb1&#8243; _builder_version=\u00bb4.7.4&#8243; _module_preset=\u00bbdefault\u00bb background_enable_color=\u00bboff\u00bb background_image=\u00bbhttps:\/\/urbanadventure.es\/valencia\/wp-content\/uploads\/sites\/2\/2021\/08\/bg_1.jpg\u00bb custom_padding=\u00bb9px|||||\u00bb global_colors_info=\u00bb{}\u00bb][et_pb_row _builder_version=\u00bb4.7.4&#8243; _module_preset=\u00bbdefault\u00bb global_colors_info=\u00bb{}\u00bb][et_pb_column type=\u00bb4_4&#8243; _builder_version=\u00bb4.7.4&#8243; _module_preset=\u00bbdefault\u00bb global_colors_info=\u00bb{}\u00bb][et_pb_text _builder_version=\u00bb4.7.4&#8243; _module_preset=\u00bbdefault\u00bb global_colors_info=\u00bb{}\u00bb]<\/p>\n<p>Nosotros nos encargamos del transporte de los equipos, el montaje de los elementos de seguridad as\u00ed como de los monitores y los seguros necesarios, tu simplemente pones el sitio y las ganas de divertirte.<\/p>\n<p>Ya son muchos los ayuntamientos, empresas, instituciones y particulares los que han confiado en nosotros para la organizaci\u00f3n de eventos privados en sus propios espacios o en instalaciones cercanas.<\/p>\n<p>Todos nuestros monitores cuentan con las certificaciones y formaciones necesarias as\u00ed como nuestras actividades con seguros y licencias acordes a normativas.<\/p>\n<p>No dudes en contactar con nosotros en el 633300344 o en info@urbanadventure.es y te enviaremos toda la informaci\u00f3n que necesites para hacer que tu evento sea \u00fanico e irrepetible.<\/p>\n<p>[\/et_pb_text][\/et_pb_column][\/et_pb_row][\/et_pb_section][et_pb_section fb_built=\u00bb1&#8243; admin_label=\u00bbsection\u00bb _builder_version=\u00bb4.11.3&#8243; background_color=\u00bbrgba(255,255,255,0)\u00bb background_image=\u00bbhttps:\/\/urbanadventure.es\/valencia\/wp-content\/uploads\/sites\/2\/2021\/07\/paintball-valencia.png\u00bb custom_margin=\u00bb-41px||-52px|||\u00bb custom_padding=\u00bb68px||68px||true|\u00bb hover_enabled=\u00bb0&#8243; global_colors_info=\u00bb{}\u00bb custom_margin_last_edited=\u00bbon|phone\u00bb custom_margin_phone=\u00bb-41px||-28px||false|false\u00bb sticky_enabled=\u00bb0&#8243;][et_pb_row _builder_version=\u00bb4.7.4&#8243; _module_preset=\u00bbdefault\u00bb global_colors_info=\u00bb{}\u00bb][et_pb_column type=\u00bb4_4&#8243; _builder_version=\u00bb4.7.4&#8243; _module_preset=\u00bbdefault\u00bb global_colors_info=\u00bb{}\u00bb][et_pb_text _builder_version=\u00bb4.11.3&#8243; _module_preset=\u00bbdefault\u00bb text_font=\u00bb|800|||||||\u00bb text_text_color=\u00bb#000000&#8243; text_font_size=\u00bb30px\u00bb text_orientation=\u00bbcenter\u00bb hover_enabled=\u00bb0&#8243; global_colors_info=\u00bb{}\u00bb sticky_enabled=\u00bb0&#8243;]<\/p>\n<p>[ <span style=\"color: #ffffff;\">CONT\u00c1CTANOS<\/span> ]<\/p>\n<p>[\/et_pb_text][\/et_pb_column][\/et_pb_row][et_pb_row column_structure=\u00bb1_3,1_3,1_3&#8243; _builder_version=\u00bb4.7.4&#8243; _module_preset=\u00bbdefault\u00bb width=\u00bb100%\u00bb global_colors_info=\u00bb{}\u00bb][et_pb_column type=\u00bb1_3&#8243; _builder_version=\u00bb4.7.4&#8243; _module_preset=\u00bbdefault\u00bb global_colors_info=\u00bb{}\u00bb][\/et_pb_column][et_pb_column type=\u00bb1_3&#8243; _builder_version=\u00bb4.7.4&#8243; _module_preset=\u00bbdefault\u00bb global_colors_info=\u00bb{}\u00bb][et_pb_text _builder_version=\u00bb4.7.4&#8243; _module_preset=\u00bbdefault\u00bb text_font_size=\u00bb20px\u00bb global_colors_info=\u00bb{}\u00bb]<\/p>\n<p style=\"text-align: center;\"><span style=\"color: #ffffff;\">Un miembro de nuestro equipos se pondr\u00e1 en contacto contigo lo antes posible<\/span><\/p>\n<p>[\/et_pb_text][\/et_pb_column][et_pb_column type=\u00bb1_3&#8243; _builder_version=\u00bb4.7.4&#8243; _module_preset=\u00bbdefault\u00bb global_colors_info=\u00bb{}\u00bb][\/et_pb_column][\/et_pb_row][et_pb_row _builder_version=\u00bb4.7.4&#8243; _module_preset=\u00bbdefault\u00bb global_colors_info=\u00bb{}\u00bb][et_pb_column type=\u00bb4_4&#8243; _builder_version=\u00bb4.7.4&#8243; _module_preset=\u00bbdefault\u00bb global_colors_info=\u00bb{}\u00bb][et_pb_button button_url=\u00bbhttps:\/\/urbanadventure.es\/valencia\/contacto\/\u00bb button_text=\u00bbCONTACTAR\u00bb button_alignment=\u00bbcenter\u00bb _builder_version=\u00bb4.7.4&#8243; _module_preset=\u00bbdefault\u00bb custom_button=\u00bbon\u00bb button_text_color=\u00bb#ffffff\u00bb button_bg_color=\u00bb#000000&#8243; button_border_color=\u00bb#000000&#8243; global_colors_info=\u00bb{}\u00bb][\/et_pb_button][\/et_pb_column][\/et_pb_row][\/et_pb_section]<\/p>\n","protected":false},"excerpt":{"rendered":"<p>OUTDOOR URBAN ADVENTURE OUTDOOR\u00bfEst\u00e1s pensando en montar una actividad, unas jornadas l\u00fadicas, un gran evento, un d\u00eda especial, una comuni\u00f3n, etc&#8230;? Urban Adventure es una empresa que por su larga experiencia en la organizaci\u00f3n de todo tipo de eventos y de actividades para eventos, grupos, empresas y grandes colectivos. Son muchas las diferentes opciones y [&hellip;]<\/p>\n","protected":false},"author":1,"featured_media":0,"parent":250,"menu_order":0,"comment_status":"closed","ping_status":"closed","template":"","meta":{"_et_pb_use_builder":"on","_et_pb_old_content":"<!-- wp:divi\/placeholder \/-->","_et_gb_content_width":"","footnotes":""},"class_list":["post-261","page","type-page","status-publish","hentry"],"yoast_head":"<!-- This site is optimized with the Yoast SEO plugin v27.5 - https:\/\/yoast.com\/product\/yoast-seo-wordpress\/ -->\n<title>Urban Adventure traslada sus actividades donde est\u00e9s<\/title>\n<meta name=\"description\" content=\"En Urban Adventure Valencia, trasladamos nuestras actividades a cualquier sitio para eventos de instituciones, ayuntamientos, asociaciones, fallas, particulares.\" \/>\n<meta name=\"robots\" content=\"index, follow, max-snippet:-1, max-image-preview:large, max-video-preview:-1\" \/>\n<link rel=\"canonical\" href=\"https:\/\/urbanadventure.es\/valencia\/actividades\/outdoor\/\" \/>\n<meta property=\"og:locale\" content=\"es_ES\" \/>\n<meta property=\"og:type\" content=\"article\" \/>\n<meta property=\"og:title\" content=\"Urban Adventure traslada sus actividades donde est\u00e9s\" \/>\n<meta property=\"og:description\" content=\"En Urban Adventure Valencia, trasladamos nuestras actividades a cualquier sitio para eventos de instituciones, ayuntamientos, asociaciones, fallas, particulares.\" \/>\n<meta property=\"og:url\" content=\"https:\/\/urbanadventure.es\/valencia\/actividades\/outdoor\/\" \/>\n<meta property=\"og:site_name\" content=\"Urban Adventure Valencia\" \/>\n<meta property=\"article:modified_time\" content=\"2021-11-16T12:51:19+00:00\" \/>\n<meta name=\"twitter:card\" content=\"summary_large_image\" \/>\n<meta name=\"twitter:label1\" content=\"Tiempo de lectura\" \/>\n\t<meta name=\"twitter:data1\" content=\"2 minutos\" \/>\n<script type=\"application\/ld+json\" class=\"yoast-schema-graph\">{\"@context\":\"https:\\\/\\\/schema.org\",\"@graph\":[{\"@type\":\"WebPage\",\"@id\":\"https:\\\/\\\/urbanadventure.es\\\/valencia\\\/actividades\\\/outdoor\\\/\",\"url\":\"https:\\\/\\\/urbanadventure.es\\\/valencia\\\/actividades\\\/outdoor\\\/\",\"name\":\"Urban Adventure traslada sus actividades donde est\u00e9s\",\"isPartOf\":{\"@id\":\"https:\\\/\\\/urbanadventure.es\\\/valencia\\\/#website\"},\"datePublished\":\"2021-09-14T11:11:08+00:00\",\"dateModified\":\"2021-11-16T12:51:19+00:00\",\"description\":\"En Urban Adventure Valencia, trasladamos nuestras actividades a cualquier sitio para eventos de instituciones, ayuntamientos, asociaciones, fallas, particulares.\",\"breadcrumb\":{\"@id\":\"https:\\\/\\\/urbanadventure.es\\\/valencia\\\/actividades\\\/outdoor\\\/#breadcrumb\"},\"inLanguage\":\"es\",\"potentialAction\":[{\"@type\":\"ReadAction\",\"target\":[\"https:\\\/\\\/urbanadventure.es\\\/valencia\\\/actividades\\\/outdoor\\\/\"]}]},{\"@type\":\"BreadcrumbList\",\"@id\":\"https:\\\/\\\/urbanadventure.es\\\/valencia\\\/actividades\\\/outdoor\\\/#breadcrumb\",\"itemListElement\":[{\"@type\":\"ListItem\",\"position\":1,\"name\":\"Portada\",\"item\":\"https:\\\/\\\/urbanadventure.es\\\/valencia\\\/\"},{\"@type\":\"ListItem\",\"position\":2,\"name\":\"Actividades\",\"item\":\"https:\\\/\\\/urbanadventure.es\\\/valencia\\\/actividades\\\/\"},{\"@type\":\"ListItem\",\"position\":3,\"name\":\"Outdoor\"}]},{\"@type\":\"WebSite\",\"@id\":\"https:\\\/\\\/urbanadventure.es\\\/valencia\\\/#website\",\"url\":\"https:\\\/\\\/urbanadventure.es\\\/valencia\\\/\",\"name\":\"Urban Adventure Valencia\",\"description\":\"Otro sitio m\u00e1s de Urban Adventure\",\"potentialAction\":[{\"@type\":\"SearchAction\",\"target\":{\"@type\":\"EntryPoint\",\"urlTemplate\":\"https:\\\/\\\/urbanadventure.es\\\/valencia\\\/?s={search_term_string}\"},\"query-input\":{\"@type\":\"PropertyValueSpecification\",\"valueRequired\":true,\"valueName\":\"search_term_string\"}}],\"inLanguage\":\"es\"}]}<\/script>\n<!-- \/ Yoast SEO plugin. -->","yoast_head_json":{"title":"Urban Adventure traslada sus actividades donde est\u00e9s","description":"En Urban Adventure Valencia, trasladamos nuestras actividades a cualquier sitio para eventos de instituciones, ayuntamientos, asociaciones, fallas, particulares.","robots":{"index":"index","follow":"follow","max-snippet":"max-snippet:-1","max-image-preview":"max-image-preview:large","max-video-preview":"max-video-preview:-1"},"canonical":"https:\/\/urbanadventure.es\/valencia\/actividades\/outdoor\/","og_locale":"es_ES","og_type":"article","og_title":"Urban Adventure traslada sus actividades donde est\u00e9s","og_description":"En Urban Adventure Valencia, trasladamos nuestras actividades a cualquier sitio para eventos de instituciones, ayuntamientos, asociaciones, fallas, particulares.","og_url":"https:\/\/urbanadventure.es\/valencia\/actividades\/outdoor\/","og_site_name":"Urban Adventure Valencia","article_modified_time":"2021-11-16T12:51:19+00:00","twitter_card":"summary_large_image","twitter_misc":{"Tiempo de lectura":"2 minutos"},"schema":{"@context":"https:\/\/schema.org","@graph":[{"@type":"WebPage","@id":"https:\/\/urbanadventure.es\/valencia\/actividades\/outdoor\/","url":"https:\/\/urbanadventure.es\/valencia\/actividades\/outdoor\/","name":"Urban Adventure traslada sus actividades donde est\u00e9s","isPartOf":{"@id":"https:\/\/urbanadventure.es\/valencia\/#website"},"datePublished":"2021-09-14T11:11:08+00:00","dateModified":"2021-11-16T12:51:19+00:00","description":"En Urban Adventure Valencia, trasladamos nuestras actividades a cualquier sitio para eventos de instituciones, ayuntamientos, asociaciones, fallas, particulares.","breadcrumb":{"@id":"https:\/\/urbanadventure.es\/valencia\/actividades\/outdoor\/#breadcrumb"},"inLanguage":"es","potentialAction":[{"@type":"ReadAction","target":["https:\/\/urbanadventure.es\/valencia\/actividades\/outdoor\/"]}]},{"@type":"BreadcrumbList","@id":"https:\/\/urbanadventure.es\/valencia\/actividades\/outdoor\/#breadcrumb","itemListElement":[{"@type":"ListItem","position":1,"name":"Portada","item":"https:\/\/urbanadventure.es\/valencia\/"},{"@type":"ListItem","position":2,"name":"Actividades","item":"https:\/\/urbanadventure.es\/valencia\/actividades\/"},{"@type":"ListItem","position":3,"name":"Outdoor"}]},{"@type":"WebSite","@id":"https:\/\/urbanadventure.es\/valencia\/#website","url":"https:\/\/urbanadventure.es\/valencia\/","name":"Urban Adventure Valencia","description":"Otro sitio m\u00e1s de Urban Adventure","potentialAction":[{"@type":"SearchAction","target":{"@type":"EntryPoint","urlTemplate":"https:\/\/urbanadventure.es\/valencia\/?s={search_term_string}"},"query-input":{"@type":"PropertyValueSpecification","valueRequired":true,"valueName":"search_term_string"}}],"inLanguage":"es"}]}},"_links":{"self":[{"href":"https:\/\/urbanadventure.es\/valencia\/wp-json\/wp\/v2\/pages\/261","targetHints":{"allow":["GET"]}}],"collection":[{"href":"https:\/\/urbanadventure.es\/valencia\/wp-json\/wp\/v2\/pages"}],"about":[{"href":"https:\/\/urbanadventure.es\/valencia\/wp-json\/wp\/v2\/types\/page"}],"author":[{"embeddable":true,"href":"https:\/\/urbanadventure.es\/valencia\/wp-json\/wp\/v2\/users\/1"}],"replies":[{"embeddable":true,"href":"https:\/\/urbanadventure.es\/valencia\/wp-json\/wp\/v2\/comments?post=261"}],"version-history":[{"count":6,"href":"https:\/\/urbanadventure.es\/valencia\/wp-json\/wp\/v2\/pages\/261\/revisions"}],"predecessor-version":[{"id":687,"href":"https:\/\/urbanadventure.es\/valencia\/wp-json\/wp\/v2\/pages\/261\/revisions\/687"}],"up":[{"embeddable":true,"href":"https:\/\/urbanadventure.es\/valencia\/wp-json\/wp\/v2\/pages\/250"}],"wp:attachment":[{"href":"https:\/\/urbanadventure.es\/valencia\/wp-json\/wp\/v2\/media?parent=261"}],"curies":[{"name":"wp","href":"https:\/\/api.w.org\/{rel}","templated":true}]}}