{"id":241,"date":"2021-09-10T11:44:36","date_gmt":"2021-09-10T09:44:36","guid":{"rendered":"https:\/\/urbanadventure.es\/valencia\/?page_id=241"},"modified":"2025-11-20T14:55:14","modified_gmt":"2025-11-20T12:55:14","slug":"despedida","status":"publish","type":"page","link":"https:\/\/urbanadventure.es\/valencia\/packs\/despedida\/","title":{"rendered":"Despedida"},"content":{"rendered":"<p>[et_pb_section fb_built=\u00bb1&#8243; _builder_version=\u00bb4.16&#8243; _module_preset=\u00bbdefault\u00bb custom_padding=\u00bb51px||6px|||\u00bb global_colors_info=\u00bb{}\u00bb][et_pb_row _builder_version=\u00bb4.16&#8243; _module_preset=\u00bbdefault\u00bb custom_padding=\u00bb4px|||||\u00bb global_colors_info=\u00bb{}\u00bb][et_pb_column type=\u00bb4_4&#8243; _builder_version=\u00bb4.16&#8243; _module_preset=\u00bbdefault\u00bb global_colors_info=\u00bb{}\u00bb][et_pb_image src=\u00bbhttps:\/\/urbanadventure.es\/valencia\/wp-content\/uploads\/sites\/2\/2023\/02\/banner_despedida-valencia.jpg\u00bb title_text=\u00bbbanner_despedida-valencia\u00bb align=\u00bbcenter\u00bb force_fullwidth=\u00bbon\u00bb _builder_version=\u00bb4.16&#8243; _module_preset=\u00bbdefault\u00bb global_colors_info=\u00bb{}\u00bb][\/et_pb_image][\/et_pb_column][\/et_pb_row][et_pb_row _builder_version=\u00bb4.16&#8243; _module_preset=\u00bbdefault\u00bb global_colors_info=\u00bb{}\u00bb][et_pb_column type=\u00bb4_4&#8243; _builder_version=\u00bb4.16&#8243; _module_preset=\u00bbdefault\u00bb global_colors_info=\u00bb{}\u00bb][et_pb_text _builder_version=\u00bb4.27.3&#8243; _module_preset=\u00bbdefault\u00bb global_colors_info=\u00bb{}\u00bb]<\/p>\n<h1>Pack despedidas de soltero en Valencia<\/h1>\n<p>En Urban Aventure Valencia somos especialistas en actividades para despedidas de soltero, soltera y mixta, por lo que queremos ofrecerte nuestro Pack Despedida.<\/p>\n<p>Desde 38\u20ac podr\u00e1s disfrutar de dos actividades, una cerveza o refresco por participante y disfraz para el novio o novia y el novio o novia juega gratis, si, totalmente gratis.<\/p>\n<p>&nbsp;<\/p>\n<p><strong>Las actividades a elegir son 2 entre las siguientes:<\/strong><\/p>\n<p>Paintball 200 bolas<\/p>\n<p>Bubbles f\u00fatbol burbuja 60 minutos<\/p>\n<p>Archery 45 minutos<\/p>\n<div class=\"gmail_default\"><span>Gymkana de humor amarillo invierno (a partir del 14 de septiembre hasta la segunda semana de junio). Incluye Futbol\u00edn humano, Luchadores de Sumo, Manos a la carta y Topo.<\/span><\/div>\n<div class=\"gmail_default\"><\/div>\n<div class=\"gmail_default\">Gymkana de humor amarillo verano (a partir de la segunda semana de junio hasta el 15 de septiembre). Incluye Futbol\u00edn Acu\u00e1tico, Hombre al agua, El deslizador y La Oruga.<span><\/span><\/div>\n<div class=\"gmail_default\">\n<div class=\"gmail_default\"><span><\/span><\/div>\n<div class=\"gmail_default\"><span><\/span><\/div>\n<div class=\"gmail_default\"><span>*El combinado de la gymkana de humor amarillo verano con cualquier otra actividad tiene un coste de 42\u20ac \/ jugador.<\/span><\/div>\n<\/div>\n<p>&nbsp;<\/p>\n<p>Estas condiciones son aplicables para grupos de m\u00e1s de 15 participantes.<\/p>\n<p>Una vez acabadas las actividades, te proponemos tomarte una cerveza bien fr\u00eda para refrescarte. Disfruta de nuestra zona de picnic con sombras para descansar de tu experiencia.<\/p>\n<p>Si lo prefer\u00eds, tambi\u00e9n podemos organizar un men\u00fa en un bar-restaurante pr\u00f3ximo a nuestras instalaciones desde 20\u20ac m\u00e1s por asistente.<\/p>\n<p>Para los que est\u00e9n buscando algo m\u00e1s de marcha, tambi\u00e9n tenemos disponible el Pack cena con espect\u00e1culo en el que disfrutar\u00e9is de una cena completa con 2 horas de show en directo y barra libre.<\/p>\n<p>Este a\u00f1o adem\u00e1s hemos trabajado muy duro para conseguir las mejores instalaciones de todos los paintballs y centros de aventura de toda Valencia para que tu experiencia sea increible.<\/p>\n<p>Ven a Urban Adventure Valencia y disfruta de un plan divertido y emocionante sin prescindir de calidad, limpieza y seguridad.<\/p>\n<p>Ll\u00e1manos al 633300344 o env\u00edanos un e-mail a info@urbanadventure.es y nosotros nos ocuparemos de que tu despedida de soltero, soltera o mixta, sea todo un \u00e9xito. No dejaremos al azar ni un solo detalle.<\/p>\n<p><strong><\/strong><\/p>\n<p>[\/et_pb_text][\/et_pb_column][\/et_pb_row][\/et_pb_section][et_pb_section fb_built=\u00bb1&#8243; admin_label=\u00bbsection\u00bb _builder_version=\u00bb4.16&#8243; background_color=\u00bbrgba(255,255,255,0)\u00bb background_image=\u00bbhttps:\/\/urbanadventure.es\/valencia\/wp-content\/uploads\/sites\/2\/2021\/07\/paintball-valencia.png\u00bb custom_margin=\u00bb6px||-52px|||\u00bb custom_margin_tablet=\u00bb\u00bb custom_margin_phone=\u00bb6px||-30px||false|false\u00bb custom_margin_last_edited=\u00bbon|phone\u00bb custom_padding=\u00bb68px||68px||true|\u00bb global_colors_info=\u00bb{}\u00bb][et_pb_row _builder_version=\u00bb4.16&#8243; _module_preset=\u00bbdefault\u00bb global_colors_info=\u00bb{}\u00bb][et_pb_column type=\u00bb4_4&#8243; _builder_version=\u00bb4.16&#8243; _module_preset=\u00bbdefault\u00bb global_colors_info=\u00bb{}\u00bb][et_pb_text _builder_version=\u00bb4.16&#8243; _module_preset=\u00bbdefault\u00bb text_font=\u00bb|800|||||||\u00bb text_text_color=\u00bb#000000&#8243; text_font_size=\u00bb46px\u00bb text_orientation=\u00bbcenter\u00bb text_line_height_tablet=\u00bb\u00bb text_line_height_phone=\u00bb1.2em\u00bb text_line_height_last_edited=\u00bbon|phone\u00bb global_colors_info=\u00bb{}\u00bb]<\/p>\n<p>[ <span style=\"color: #ffffff;\">HAZ TU RESERVA<\/span> ]<\/p>\n<p>[\/et_pb_text][\/et_pb_column][\/et_pb_row][et_pb_row column_structure=\u00bb1_3,1_3,1_3&#8243; _builder_version=\u00bb4.16&#8243; _module_preset=\u00bbdefault\u00bb width=\u00bb100%\u00bb global_colors_info=\u00bb{}\u00bb][et_pb_column type=\u00bb1_3&#8243; _builder_version=\u00bb4.16&#8243; _module_preset=\u00bbdefault\u00bb global_colors_info=\u00bb{}\u00bb][\/et_pb_column][et_pb_column type=\u00bb1_3&#8243; _builder_version=\u00bb4.16&#8243; _module_preset=\u00bbdefault\u00bb global_colors_info=\u00bb{}\u00bb][et_pb_text _builder_version=\u00bb4.16&#8243; _module_preset=\u00bbdefault\u00bb text_font_size=\u00bb20px\u00bb global_colors_info=\u00bb{}\u00bb]<\/p>\n<p style=\"text-align: center;\"><span style=\"color: #ffffff;\">No lo pienses m\u00e1s y disfruta de nuestras actividades a 5 minutos del centro de Valencia<\/span><\/p>\n<p>[\/et_pb_text][\/et_pb_column][et_pb_column type=\u00bb1_3&#8243; _builder_version=\u00bb4.16&#8243; _module_preset=\u00bbdefault\u00bb global_colors_info=\u00bb{}\u00bb][\/et_pb_column][\/et_pb_row][et_pb_row _builder_version=\u00bb4.16&#8243; _module_preset=\u00bbdefault\u00bb global_colors_info=\u00bb{}\u00bb][et_pb_column type=\u00bb4_4&#8243; _builder_version=\u00bb4.16&#8243; _module_preset=\u00bbdefault\u00bb global_colors_info=\u00bb{}\u00bb][et_pb_button button_url=\u00bb@ET-DC@eyJkeW5hbWljIjp0cnVlLCJjb250ZW50IjoicG9zdF9saW5rX3VybF9wYWdlIiwic2V0dGluZ3MiOnsicG9zdF9pZCI6IjEzOSJ9fQ==@\u00bb button_text=\u00bbRESERVAR AHORA\u00bb button_alignment=\u00bbcenter\u00bb _builder_version=\u00bb4.16&#8243; _dynamic_attributes=\u00bbbutton_url\u00bb _module_preset=\u00bbdefault\u00bb custom_button=\u00bbon\u00bb button_text_color=\u00bb#ffffff\u00bb button_bg_color=\u00bb#000000&#8243; button_border_color=\u00bb#000000&#8243; global_colors_info=\u00bb{}\u00bb][\/et_pb_button][\/et_pb_column][\/et_pb_row][\/et_pb_section]<\/p>\n","protected":false},"excerpt":{"rendered":"<p>Pack despedidas de soltero en Valencia En Urban Aventure Valencia somos especialistas en actividades para despedidas de soltero, soltera y mixta, por lo que queremos ofrecerte nuestro Pack Despedida. Desde 38\u20ac podr\u00e1s disfrutar de dos actividades, una cerveza o refresco por participante y disfraz para el novio o novia y el novio o novia juega [&hellip;]<\/p>\n","protected":false},"author":1,"featured_media":0,"parent":218,"menu_order":0,"comment_status":"closed","ping_status":"closed","template":"","meta":{"_et_pb_use_builder":"on","_et_pb_old_content":"<!-- wp:divi\/placeholder \/-->","_et_gb_content_width":"","footnotes":""},"class_list":["post-241","page","type-page","status-publish","hentry"],"yoast_head":"<!-- This site is optimized with the Yoast SEO plugin v27.5 - https:\/\/yoast.com\/product\/yoast-seo-wordpress\/ -->\n<title>En Urban Paintball Valencia te organizamos la mejor despedida<\/title>\n<meta name=\"description\" content=\"En Urban Paintball Valencia organizamos tu despedida de soltero o soltera sin que te falte ning\u00fan detalle solicitanos precio o presupuesto sin compromiso\" \/>\n<meta name=\"robots\" content=\"index, follow, max-snippet:-1, max-image-preview:large, max-video-preview:-1\" \/>\n<link rel=\"canonical\" href=\"https:\/\/urbanadventure.es\/valencia\/packs\/despedida\/\" \/>\n<meta property=\"og:locale\" content=\"es_ES\" \/>\n<meta property=\"og:type\" content=\"article\" \/>\n<meta property=\"og:title\" content=\"En Urban Paintball Valencia te organizamos la mejor despedida\" \/>\n<meta property=\"og:description\" content=\"En Urban Paintball Valencia organizamos tu despedida de soltero o soltera sin que te falte ning\u00fan detalle solicitanos precio o presupuesto sin compromiso\" \/>\n<meta property=\"og:url\" content=\"https:\/\/urbanadventure.es\/valencia\/packs\/despedida\/\" \/>\n<meta property=\"og:site_name\" content=\"Urban Adventure Valencia\" \/>\n<meta property=\"article:modified_time\" content=\"2025-11-20T12:55:14+00:00\" \/>\n<meta name=\"twitter:card\" content=\"summary_large_image\" \/>\n<meta name=\"twitter:label1\" content=\"Tiempo de lectura\" \/>\n\t<meta name=\"twitter:data1\" content=\"2 minutos\" \/>\n<script type=\"application\/ld+json\" class=\"yoast-schema-graph\">{\"@context\":\"https:\\\/\\\/schema.org\",\"@graph\":[{\"@type\":\"WebPage\",\"@id\":\"https:\\\/\\\/urbanadventure.es\\\/valencia\\\/packs\\\/despedida\\\/\",\"url\":\"https:\\\/\\\/urbanadventure.es\\\/valencia\\\/packs\\\/despedida\\\/\",\"name\":\"En Urban Paintball Valencia te organizamos la mejor despedida\",\"isPartOf\":{\"@id\":\"https:\\\/\\\/urbanadventure.es\\\/valencia\\\/#website\"},\"datePublished\":\"2021-09-10T09:44:36+00:00\",\"dateModified\":\"2025-11-20T12:55:14+00:00\",\"description\":\"En Urban Paintball Valencia organizamos tu despedida de soltero o soltera sin que te falte ning\u00fan detalle solicitanos precio o presupuesto sin compromiso\",\"breadcrumb\":{\"@id\":\"https:\\\/\\\/urbanadventure.es\\\/valencia\\\/packs\\\/despedida\\\/#breadcrumb\"},\"inLanguage\":\"es\",\"potentialAction\":[{\"@type\":\"ReadAction\",\"target\":[\"https:\\\/\\\/urbanadventure.es\\\/valencia\\\/packs\\\/despedida\\\/\"]}]},{\"@type\":\"BreadcrumbList\",\"@id\":\"https:\\\/\\\/urbanadventure.es\\\/valencia\\\/packs\\\/despedida\\\/#breadcrumb\",\"itemListElement\":[{\"@type\":\"ListItem\",\"position\":1,\"name\":\"Portada\",\"item\":\"https:\\\/\\\/urbanadventure.es\\\/valencia\\\/\"},{\"@type\":\"ListItem\",\"position\":2,\"name\":\"Packs ADULTOS\",\"item\":\"https:\\\/\\\/urbanadventure.es\\\/valencia\\\/packs\\\/\"},{\"@type\":\"ListItem\",\"position\":3,\"name\":\"Despedida\"}]},{\"@type\":\"WebSite\",\"@id\":\"https:\\\/\\\/urbanadventure.es\\\/valencia\\\/#website\",\"url\":\"https:\\\/\\\/urbanadventure.es\\\/valencia\\\/\",\"name\":\"Urban Adventure Valencia\",\"description\":\"Otro sitio m\u00e1s de Urban Adventure\",\"potentialAction\":[{\"@type\":\"SearchAction\",\"target\":{\"@type\":\"EntryPoint\",\"urlTemplate\":\"https:\\\/\\\/urbanadventure.es\\\/valencia\\\/?s={search_term_string}\"},\"query-input\":{\"@type\":\"PropertyValueSpecification\",\"valueRequired\":true,\"valueName\":\"search_term_string\"}}],\"inLanguage\":\"es\"}]}<\/script>\n<!-- \/ Yoast SEO plugin. -->","yoast_head_json":{"title":"En Urban Paintball Valencia te organizamos la mejor despedida","description":"En Urban Paintball Valencia organizamos tu despedida de soltero o soltera sin que te falte ning\u00fan detalle solicitanos precio o presupuesto sin compromiso","robots":{"index":"index","follow":"follow","max-snippet":"max-snippet:-1","max-image-preview":"max-image-preview:large","max-video-preview":"max-video-preview:-1"},"canonical":"https:\/\/urbanadventure.es\/valencia\/packs\/despedida\/","og_locale":"es_ES","og_type":"article","og_title":"En Urban Paintball Valencia te organizamos la mejor despedida","og_description":"En Urban Paintball Valencia organizamos tu despedida de soltero o soltera sin que te falte ning\u00fan detalle solicitanos precio o presupuesto sin compromiso","og_url":"https:\/\/urbanadventure.es\/valencia\/packs\/despedida\/","og_site_name":"Urban Adventure Valencia","article_modified_time":"2025-11-20T12:55:14+00:00","twitter_card":"summary_large_image","twitter_misc":{"Tiempo de lectura":"2 minutos"},"schema":{"@context":"https:\/\/schema.org","@graph":[{"@type":"WebPage","@id":"https:\/\/urbanadventure.es\/valencia\/packs\/despedida\/","url":"https:\/\/urbanadventure.es\/valencia\/packs\/despedida\/","name":"En Urban Paintball Valencia te organizamos la mejor despedida","isPartOf":{"@id":"https:\/\/urbanadventure.es\/valencia\/#website"},"datePublished":"2021-09-10T09:44:36+00:00","dateModified":"2025-11-20T12:55:14+00:00","description":"En Urban Paintball Valencia organizamos tu despedida de soltero o soltera sin que te falte ning\u00fan detalle solicitanos precio o presupuesto sin compromiso","breadcrumb":{"@id":"https:\/\/urbanadventure.es\/valencia\/packs\/despedida\/#breadcrumb"},"inLanguage":"es","potentialAction":[{"@type":"ReadAction","target":["https:\/\/urbanadventure.es\/valencia\/packs\/despedida\/"]}]},{"@type":"BreadcrumbList","@id":"https:\/\/urbanadventure.es\/valencia\/packs\/despedida\/#breadcrumb","itemListElement":[{"@type":"ListItem","position":1,"name":"Portada","item":"https:\/\/urbanadventure.es\/valencia\/"},{"@type":"ListItem","position":2,"name":"Packs ADULTOS","item":"https:\/\/urbanadventure.es\/valencia\/packs\/"},{"@type":"ListItem","position":3,"name":"Despedida"}]},{"@type":"WebSite","@id":"https:\/\/urbanadventure.es\/valencia\/#website","url":"https:\/\/urbanadventure.es\/valencia\/","name":"Urban Adventure Valencia","description":"Otro sitio m\u00e1s de Urban Adventure","potentialAction":[{"@type":"SearchAction","target":{"@type":"EntryPoint","urlTemplate":"https:\/\/urbanadventure.es\/valencia\/?s={search_term_string}"},"query-input":{"@type":"PropertyValueSpecification","valueRequired":true,"valueName":"search_term_string"}}],"inLanguage":"es"}]}},"_links":{"self":[{"href":"https:\/\/urbanadventure.es\/valencia\/wp-json\/wp\/v2\/pages\/241","targetHints":{"allow":["GET"]}}],"collection":[{"href":"https:\/\/urbanadventure.es\/valencia\/wp-json\/wp\/v2\/pages"}],"about":[{"href":"https:\/\/urbanadventure.es\/valencia\/wp-json\/wp\/v2\/types\/page"}],"author":[{"embeddable":true,"href":"https:\/\/urbanadventure.es\/valencia\/wp-json\/wp\/v2\/users\/1"}],"replies":[{"embeddable":true,"href":"https:\/\/urbanadventure.es\/valencia\/wp-json\/wp\/v2\/comments?post=241"}],"version-history":[{"count":15,"href":"https:\/\/urbanadventure.es\/valencia\/wp-json\/wp\/v2\/pages\/241\/revisions"}],"predecessor-version":[{"id":1018,"href":"https:\/\/urbanadventure.es\/valencia\/wp-json\/wp\/v2\/pages\/241\/revisions\/1018"}],"up":[{"embeddable":true,"href":"https:\/\/urbanadventure.es\/valencia\/wp-json\/wp\/v2\/pages\/218"}],"wp:attachment":[{"href":"https:\/\/urbanadventure.es\/valencia\/wp-json\/wp\/v2\/media?parent=241"}],"curies":[{"name":"wp","href":"https:\/\/api.w.org\/{rel}","templated":true}]}}