{"id":296,"date":"2021-09-16T17:55:33","date_gmt":"2021-09-16T15:55:33","guid":{"rendered":"https:\/\/urbanadventure.es\/valencia\/?page_id=296"},"modified":"2021-11-18T19:44:46","modified_gmt":"2021-11-18T17:44:46","slug":"adulto","status":"publish","type":"page","link":"http:\/\/urbanadventure.es\/valencia\/tarifas\/adulto\/","title":{"rendered":"Adulto"},"content":{"rendered":"\n[et_pb_section fb_built=\u00bb1&#8243; _builder_version=\u00bb4.11.3&#8243; _module_preset=\u00bbdefault\u00bb background_image=\u00bbhttps:\/\/urbanadventure.es\/valencia\/wp-content\/uploads\/sites\/2\/2021\/08\/paintball-en-valencia.png\u00bb min_height=\u00bb473px\u00bb hover_enabled=\u00bb0&#8243; global_colors_info=\u00bb{}\u00bb min_height_last_edited=\u00bbon|phone\u00bb sticky_enabled=\u00bb0&#8243;][et_pb_row _builder_version=\u00bb4.7.4&#8243; _module_preset=\u00bbdefault\u00bb custom_padding=\u00bb53px||53px||true|\u00bb global_colors_info=\u00bb{}\u00bb][et_pb_column type=\u00bb4_4&#8243; _builder_version=\u00bb4.7.4&#8243; _module_preset=\u00bbdefault\u00bb global_colors_info=\u00bb{}\u00bb][et_pb_text _builder_version=\u00bb4.11.3&#8243; _module_preset=\u00bbdefault\u00bb header_font_size=\u00bb53px\u00bb header_2_font_size=\u00bb64px\u00bb hover_enabled=\u00bb0&#8243; header_text_shadow_style=\u00bbpreset2&#8243; header_2_text_shadow_style=\u00bbpreset5&#8243; global_colors_info=\u00bb{}\u00bb sticky_enabled=\u00bb0&#8243;]<h1 style=\"text-align: center;\"><span style=\"color: #ffffff;\">PAINTBALL ADULTO<\/span><\/h1>\n<div id=\"gtx-trans\" style=\"position: absolute; left: 254px; top: 4.90625px;\">\n<div class=\"gtx-trans-icon\"><\/div>\n<\/div>[\/et_pb_text][\/et_pb_column][\/et_pb_row][\/et_pb_section][et_pb_section fb_built=\u00bb1&#8243; _builder_version=\u00bb4.7.4&#8243; _module_preset=\u00bbdefault\u00bb custom_padding=\u00bb28px||21px|||\u00bb global_colors_info=\u00bb{}\u00bb][et_pb_row _builder_version=\u00bb4.7.4&#8243; _module_preset=\u00bbdefault\u00bb global_colors_info=\u00bb{}\u00bb][et_pb_column type=\u00bb4_4&#8243; _builder_version=\u00bb4.7.4&#8243; _module_preset=\u00bbdefault\u00bb global_colors_info=\u00bb{}\u00bb][et_pb_text _builder_version=\u00bb4.7.4&#8243; _module_preset=\u00bbdefault\u00bb global_colors_info=\u00bb{}\u00bb]<p>Urban Adventure Valencia os ofrece disfrutar del aut\u00e9ntico Paintball en sus incre\u00edbles tres escenarios tematizados. Adem\u00e1s, con nuestras fant\u00e1sticas ofertas y packs podr\u00e1s disfrutar de emocionantes partidas de paintball combinadas con emocionantes actividades dise\u00f1adas exclusivamente para ti y para tus amigos.<\/p>\n<p>En Urban Adventure disponemos de campos tematizados y perfectamente acondicionados para las partidas de paintball, donde podr\u00e1s jugar incluso de noche; siendo nuestro campo el \u00fanico acondicionado en toda Valencia para realizar esta actividad a cualquier hora del d\u00eda.<\/p>\n<p>Solo en Urban Adventure podr\u00e1s jugar acompa\u00f1ado en todo momento de nuestros monitores cualificados que guiar\u00e1n al grupo proponiendo diferentes juegos y que har\u00e1n que pases una jornada llena de emociones con total seguridad.<\/p>\n<p>No desaproveches la oportunidad de sorprender a tus familiares, compa\u00f1eros de trabajo y amigos con una actividad totalmente diferente a las de siempre.<\/p>\n<p>Adem\u00e1s podr\u00e1s utilizar nuestra amplia zona de picnic ajardinada o nuestra barbacoa para prepararles la merienda o fiesta de cumplea\u00f1os.<\/p>[\/et_pb_text][\/et_pb_column][\/et_pb_row][et_pb_row _builder_version=\u00bb4.7.4&#8243; _module_preset=\u00bbdefault\u00bb custom_margin=\u00bb38px|auto|-13px|auto|false|false\u00bb custom_padding=\u00bb0px||||false|false\u00bb global_colors_info=\u00bb{}\u00bb][et_pb_column type=\u00bb4_4&#8243; _builder_version=\u00bb4.7.4&#8243; _module_preset=\u00bbdefault\u00bb global_colors_info=\u00bb{}\u00bb][et_pb_text _builder_version=\u00bb4.7.4&#8243; _module_preset=\u00bbdefault\u00bb text_font_size=\u00bb17px\u00bb text_line_height=\u00bb1.8em\u00bb header_3_font_size=\u00bb30px\u00bb global_colors_info=\u00bb{}\u00bb]<h3 style=\"text-align: center;\">tarifas de paintball ADULTO<\/h3>[\/et_pb_text][\/et_pb_column][\/et_pb_row][\/et_pb_section][et_pb_section fb_built=\u00bb1&#8243; _builder_version=\u00bb4.7.4&#8243; _module_preset=\u00bbdefault\u00bb custom_margin=\u00bb0px||||false|false\u00bb custom_padding=\u00bb0px||0px||false|false\u00bb global_colors_info=\u00bb{}\u00bb][et_pb_row column_structure=\u00bb1_3,1_3,1_3&#8243; _builder_version=\u00bb4.7.4&#8243; _module_preset=\u00bbdefault\u00bb width=\u00bb75%\u00bb custom_margin=\u00bb7px|auto||auto||\u00bb custom_padding=\u00bb20px|||||\u00bb global_colors_info=\u00bb{}\u00bb][et_pb_column type=\u00bb1_3&#8243; _builder_version=\u00bb4.7.4&#8243; _module_preset=\u00bbdefault\u00bb global_colors_info=\u00bb{}\u00bb][et_pb_blurb title=\u00bbTODOS LOS D\u00cdAS\u00bb image=\u00bbhttps:\/\/urbanadventure.es\/valencia\/wp-content\/uploads\/sites\/2\/2021\/09\/subtitile-darkcolor.png\u00bb _builder_version=\u00bb4.7.4&#8243; _module_preset=\u00bbdefault\u00bb header_text_align=\u00bbcenter\u00bb global_colors_info=\u00bb{}\u00bb]<p style=\"text-align: center;\"><strong>15 \u20ac con 100 bolas<\/strong><\/p>[\/et_pb_blurb][\/et_pb_column][et_pb_column type=\u00bb1_3&#8243; _builder_version=\u00bb4.7.4&#8243; _module_preset=\u00bbdefault\u00bb global_colors_info=\u00bb{}\u00bb][et_pb_blurb title=\u00bbrecarga\u00bb image=\u00bbhttps:\/\/urbanadventure.es\/valencia\/wp-content\/uploads\/sites\/2\/2021\/09\/subtitile-darkcolor.png\u00bb _builder_version=\u00bb4.7.4&#8243; _module_preset=\u00bbdefault\u00bb header_text_align=\u00bbcenter\u00bb header_line_height=\u00bb1.3em\u00bb global_colors_info=\u00bb{}\u00bb]<p style=\"text-align: center;\"><strong>100 bolas 5 \u20ac<\/strong><\/p>[\/et_pb_blurb][\/et_pb_column][et_pb_column type=\u00bb1_3&#8243; _builder_version=\u00bb4.7.4&#8243; _module_preset=\u00bbdefault\u00bb global_colors_info=\u00bb{}\u00bb][et_pb_blurb title=\u00bbCAJA 2000 BOLAS\u00bb image=\u00bbhttps:\/\/urbanadventure.es\/valencia\/wp-content\/uploads\/sites\/2\/2021\/09\/subtitile-darkcolor.png\u00bb _builder_version=\u00bb4.7.4&#8243; _module_preset=\u00bbdefault\u00bb header_text_align=\u00bbcenter\u00bb header_line_height=\u00bb1.3em\u00bb global_colors_info=\u00bb{}\u00bb]<p style=\"text-align: center;\"><strong>80 \u20ac (-20% descuento)<\/strong><\/p>[\/et_pb_blurb][\/et_pb_column][\/et_pb_row][\/et_pb_section][et_pb_section fb_built=\u00bb1&#8243; _builder_version=\u00bb4.7.4&#8243; _module_preset=\u00bbdefault\u00bb custom_padding=\u00bb27px||37px|||\u00bb global_colors_info=\u00bb{}\u00bb][et_pb_row _builder_version=\u00bb4.7.4&#8243; _module_preset=\u00bbdefault\u00bb custom_padding=\u00bb||9px|||\u00bb global_colors_info=\u00bb{}\u00bb][et_pb_column type=\u00bb4_4&#8243; _builder_version=\u00bb4.7.4&#8243; _module_preset=\u00bbdefault\u00bb global_colors_info=\u00bb{}\u00bb][et_pb_image src=\u00bbhttps:\/\/urbanadventure.es\/valencia\/wp-content\/uploads\/sites\/2\/2021\/09\/TARIFA-PAINTBALL-ADULTO-GRANDE-VALENCIA.jpg\u00bb title_text=\u00bbTARIFA-PAINTBALL-ADULTO-GRANDE-VALENCIA\u00bb force_fullwidth=\u00bbon\u00bb _builder_version=\u00bb4.7.4&#8243; _module_preset=\u00bbdefault\u00bb custom_margin=\u00bb||28px|||\u00bb global_colors_info=\u00bb{}\u00bb][\/et_pb_image][\/et_pb_column][\/et_pb_row][\/et_pb_section][et_pb_section fb_built=\u00bb1&#8243; _builder_version=\u00bb4.7.4&#8243; _module_preset=\u00bbdefault\u00bb background_color=\u00bb#000000&#8243; custom_padding=\u00bb9px|||||\u00bb global_colors_info=\u00bb{}\u00bb][et_pb_row _builder_version=\u00bb4.7.4&#8243; _module_preset=\u00bbdefault\u00bb global_colors_info=\u00bb{}\u00bb][et_pb_column type=\u00bb4_4&#8243; _builder_version=\u00bb4.7.4&#8243; _module_preset=\u00bbdefault\u00bb global_colors_info=\u00bb{}\u00bb][et_pb_text _builder_version=\u00bb4.7.4&#8243; _module_preset=\u00bbdefault\u00bb header_text_align=\u00bbcenter\u00bb text_orientation=\u00bbcenter\u00bb global_colors_info=\u00bb{}\u00bb]<h2>nuestros packs\u00a0<\/h2>[\/et_pb_text][\/et_pb_column][\/et_pb_row][et_pb_row column_structure=\u00bb1_4,1_4,1_4,1_4&#8243; _builder_version=\u00bb4.7.4&#8243; _module_preset=\u00bbdefault\u00bb global_colors_info=\u00bb{}\u00bb][et_pb_column type=\u00bb1_4&#8243; _builder_version=\u00bb4.7.4&#8243; _module_preset=\u00bbdefault\u00bb global_colors_info=\u00bb{}\u00bb][et_pb_image src=\u00bbhttps:\/\/urbanadventure.es\/valencia\/wp-content\/uploads\/sites\/2\/2021\/09\/pack-ahorro.jpg\u00bb title_text=\u00bbpack-ahorro\u00bb url=\u00bb@ET-DC@eyJkeW5hbWljIjp0cnVlLCJjb250ZW50IjoicG9zdF9saW5rX3VybF9wYWdlIiwic2V0dGluZ3MiOnsicG9zdF9pZCI6IjIyOSJ9fQ==@\u00bb force_fullwidth=\u00bbon\u00bb _builder_version=\u00bb4.7.4&#8243; _dynamic_attributes=\u00bburl\u00bb _module_preset=\u00bbdefault\u00bb global_colors_info=\u00bb{}\u00bb][\/et_pb_image][\/et_pb_column][et_pb_column type=\u00bb1_4&#8243; _builder_version=\u00bb4.7.4&#8243; _module_preset=\u00bbdefault\u00bb global_colors_info=\u00bb{}\u00bb][et_pb_image src=\u00bbhttps:\/\/urbanadventure.es\/valencia\/wp-content\/uploads\/sites\/2\/2021\/08\/aniversario.jpg\u00bb title_text=\u00bbaniversario\u00bb url=\u00bb@ET-DC@eyJkeW5hbWljIjp0cnVlLCJjb250ZW50IjoicG9zdF9saW5rX3VybF9wYWdlIiwic2V0dGluZ3MiOnsicG9zdF9pZCI6IjIzMyJ9fQ==@\u00bb force_fullwidth=\u00bbon\u00bb _builder_version=\u00bb4.7.4&#8243; _dynamic_attributes=\u00bburl\u00bb _module_preset=\u00bbdefault\u00bb global_colors_info=\u00bb{}\u00bb][\/et_pb_image][\/et_pb_column][et_pb_column type=\u00bb1_4&#8243; _builder_version=\u00bb4.7.4&#8243; _module_preset=\u00bbdefault\u00bb global_colors_info=\u00bb{}\u00bb][et_pb_image src=\u00bbhttps:\/\/urbanadventure.es\/valencia\/wp-content\/uploads\/sites\/2\/2021\/09\/pack-velocidad.jpg\u00bb title_text=\u00bbpack-velocidad\u00bb url=\u00bb@ET-DC@eyJkeW5hbWljIjp0cnVlLCJjb250ZW50IjoicG9zdF9saW5rX3VybF9wYWdlIiwic2V0dGluZ3MiOnsicG9zdF9pZCI6IjIzNSJ9fQ==@\u00bb force_fullwidth=\u00bbon\u00bb _builder_version=\u00bb4.7.4&#8243; _dynamic_attributes=\u00bburl\u00bb _module_preset=\u00bbdefault\u00bb global_colors_info=\u00bb{}\u00bb][\/et_pb_image][\/et_pb_column][et_pb_column type=\u00bb1_4&#8243; _builder_version=\u00bb4.7.4&#8243; _module_preset=\u00bbdefault\u00bb global_colors_info=\u00bb{}\u00bb][et_pb_image src=\u00bbhttps:\/\/urbanadventure.es\/valencia\/wp-content\/uploads\/sites\/2\/2021\/08\/empresas.jpg\u00bb title_text=\u00bbempresas\u00bb url=\u00bb@ET-DC@eyJkeW5hbWljIjp0cnVlLCJjb250ZW50IjoicG9zdF9saW5rX3VybF9wYWdlIiwic2V0dGluZ3MiOnsicG9zdF9pZCI6IjIzMSJ9fQ==@\u00bb force_fullwidth=\u00bbon\u00bb _builder_version=\u00bb4.7.4&#8243; _dynamic_attributes=\u00bburl\u00bb _module_preset=\u00bbdefault\u00bb global_colors_info=\u00bb{}\u00bb][\/et_pb_image][\/et_pb_column][\/et_pb_row][\/et_pb_section][et_pb_section fb_built=\u00bb1&#8243; admin_label=\u00bbsection\u00bb _builder_version=\u00bb4.11.3&#8243; background_color=\u00bbrgba(255,255,255,0)\u00bb background_image=\u00bbhttps:\/\/urbanadventure.es\/valencia\/wp-content\/uploads\/sites\/2\/2021\/07\/paintball-valencia.png\u00bb custom_margin=\u00bb-41px||-52px|||\u00bb custom_padding=\u00bb68px||68px||true|\u00bb hover_enabled=\u00bb0&#8243; global_colors_info=\u00bb{}\u00bb custom_margin_last_edited=\u00bbon|phone\u00bb custom_margin_phone=\u00bb-41px||-30px||false|false\u00bb sticky_enabled=\u00bb0&#8243;][et_pb_row _builder_version=\u00bb4.7.4&#8243; _module_preset=\u00bbdefault\u00bb global_colors_info=\u00bb{}\u00bb][et_pb_column type=\u00bb4_4&#8243; _builder_version=\u00bb4.7.4&#8243; _module_preset=\u00bbdefault\u00bb global_colors_info=\u00bb{}\u00bb][et_pb_text _builder_version=\u00bb4.11.3&#8243; _module_preset=\u00bbdefault\u00bb text_font=\u00bb|800|||||||\u00bb text_text_color=\u00bb#000000&#8243; text_font_size=\u00bb46px\u00bb text_orientation=\u00bbcenter\u00bb hover_enabled=\u00bb0&#8243; global_colors_info=\u00bb{}\u00bb text_line_height_last_edited=\u00bbon|phone\u00bb text_line_height_phone=\u00bb1.2em\u00bb sticky_enabled=\u00bb0&#8243;]<p>[ <span style=\"color: #ffffff;\">HAZ TU RESERVA<\/span> ]<\/p>[\/et_pb_text][\/et_pb_column][\/et_pb_row][et_pb_row column_structure=\u00bb1_3,1_3,1_3&#8243; _builder_version=\u00bb4.7.4&#8243; _module_preset=\u00bbdefault\u00bb width=\u00bb100%\u00bb global_colors_info=\u00bb{}\u00bb][et_pb_column type=\u00bb1_3&#8243; _builder_version=\u00bb4.7.4&#8243; _module_preset=\u00bbdefault\u00bb global_colors_info=\u00bb{}\u00bb][\/et_pb_column][et_pb_column type=\u00bb1_3&#8243; _builder_version=\u00bb4.7.4&#8243; _module_preset=\u00bbdefault\u00bb global_colors_info=\u00bb{}\u00bb][et_pb_text _builder_version=\u00bb4.7.4&#8243; _module_preset=\u00bbdefault\u00bb text_font_size=\u00bb20px\u00bb global_colors_info=\u00bb{}\u00bb]<p style=\"text-align: center;\"><span style=\"color: #ffffff;\">No lo pienses m\u00e1s y disfruta de nuestras actividades a 5 minutos del centro de Valencia<\/span><\/p>[\/et_pb_text][\/et_pb_column][et_pb_column type=\u00bb1_3&#8243; _builder_version=\u00bb4.7.4&#8243; _module_preset=\u00bbdefault\u00bb global_colors_info=\u00bb{}\u00bb][\/et_pb_column][\/et_pb_row][et_pb_row _builder_version=\u00bb4.7.4&#8243; _module_preset=\u00bbdefault\u00bb global_colors_info=\u00bb{}\u00bb][et_pb_column type=\u00bb4_4&#8243; _builder_version=\u00bb4.7.4&#8243; _module_preset=\u00bbdefault\u00bb global_colors_info=\u00bb{}\u00bb][et_pb_button button_url=\u00bb@ET-DC@eyJkeW5hbWljIjp0cnVlLCJjb250ZW50IjoicG9zdF9saW5rX3VybF9wYWdlIiwic2V0dGluZ3MiOnsicG9zdF9pZCI6IjEzOSJ9fQ==@\u00bb button_text=\u00bbRESERVAR AHORA\u00bb button_alignment=\u00bbcenter\u00bb _builder_version=\u00bb4.7.4&#8243; _dynamic_attributes=\u00bbbutton_url\u00bb _module_preset=\u00bbdefault\u00bb custom_button=\u00bbon\u00bb button_text_color=\u00bb#ffffff\u00bb button_bg_color=\u00bb#000000&#8243; button_border_color=\u00bb#000000&#8243; global_colors_info=\u00bb{}\u00bb][\/et_pb_button][\/et_pb_column][\/et_pb_row][\/et_pb_section]\n","protected":false},"excerpt":{"rendered":"<p>PAINTBALL ADULTO Urban Adventure Valencia os ofrece disfrutar del aut\u00e9ntico Paintball en sus incre\u00edbles tres escenarios tematizados. Adem\u00e1s, con nuestras fant\u00e1sticas ofertas y packs podr\u00e1s disfrutar de emocionantes partidas de paintball combinadas con emocionantes actividades dise\u00f1adas exclusivamente para ti y para tus amigos. En Urban Adventure disponemos de campos tematizados y perfectamente acondicionados para las [&hellip;]<\/p>\n","protected":false},"author":1,"featured_media":0,"parent":202,"menu_order":0,"comment_status":"closed","ping_status":"closed","template":"","meta":{"_et_pb_use_builder":"on","_et_pb_old_content":"<!-- wp:divi\/placeholder \/-->","_et_gb_content_width":"","footnotes":""},"class_list":["post-296","page","type-page","status-publish","hentry"],"yoast_head":"<!-- This site is optimized with the Yoast SEO plugin v27.5 - https:\/\/yoast.com\/product\/yoast-seo-wordpress\/ -->\n<title>El mejor campo de paintball de Valencia con escenarios tematizados<\/title>\n<meta name=\"description\" content=\"Disfruta del mejor paintball de Valencia con 3 escenarios tematizados y juega de noche en familia o con amigos. Mira nuestras ofertas y packs de promoci\u00f3n\" \/>\n<meta name=\"robots\" content=\"index, follow, max-snippet:-1, max-image-preview:large, max-video-preview:-1\" \/>\n<link rel=\"canonical\" href=\"http:\/\/urbanadventure.es\/valencia\/tarifas\/adulto\/\" \/>\n<meta property=\"og:locale\" content=\"es_ES\" \/>\n<meta property=\"og:type\" content=\"article\" \/>\n<meta property=\"og:title\" content=\"El mejor campo de paintball de Valencia con escenarios tematizados\" \/>\n<meta property=\"og:description\" content=\"Disfruta del mejor paintball de Valencia con 3 escenarios tematizados y juega de noche en familia o con amigos. Mira nuestras ofertas y packs de promoci\u00f3n\" \/>\n<meta property=\"og:url\" content=\"http:\/\/urbanadventure.es\/valencia\/tarifas\/adulto\/\" \/>\n<meta property=\"og:site_name\" content=\"Urban Adventure Valencia\" \/>\n<meta property=\"article:modified_time\" content=\"2021-11-18T17:44:46+00:00\" \/>\n<meta name=\"twitter:card\" content=\"summary_large_image\" \/>\n<meta name=\"twitter:label1\" content=\"Tiempo de lectura\" \/>\n\t<meta name=\"twitter:data1\" content=\"3 minutos\" \/>\n<script type=\"application\/ld+json\" class=\"yoast-schema-graph\">{\"@context\":\"https:\\\/\\\/schema.org\",\"@graph\":[{\"@type\":\"WebPage\",\"@id\":\"http:\\\/\\\/urbanadventure.es\\\/valencia\\\/tarifas\\\/adulto\\\/\",\"url\":\"http:\\\/\\\/urbanadventure.es\\\/valencia\\\/tarifas\\\/adulto\\\/\",\"name\":\"El mejor campo de paintball de Valencia con escenarios tematizados\",\"isPartOf\":{\"@id\":\"https:\\\/\\\/urbanadventure.es\\\/valencia\\\/#website\"},\"datePublished\":\"2021-09-16T15:55:33+00:00\",\"dateModified\":\"2021-11-18T17:44:46+00:00\",\"description\":\"Disfruta del mejor paintball de Valencia con 3 escenarios tematizados y juega de noche en familia o con amigos. Mira nuestras ofertas y packs de promoci\u00f3n\",\"breadcrumb\":{\"@id\":\"http:\\\/\\\/urbanadventure.es\\\/valencia\\\/tarifas\\\/adulto\\\/#breadcrumb\"},\"inLanguage\":\"es\",\"potentialAction\":[{\"@type\":\"ReadAction\",\"target\":[\"http:\\\/\\\/urbanadventure.es\\\/valencia\\\/tarifas\\\/adulto\\\/\"]}]},{\"@type\":\"BreadcrumbList\",\"@id\":\"http:\\\/\\\/urbanadventure.es\\\/valencia\\\/tarifas\\\/adulto\\\/#breadcrumb\",\"itemListElement\":[{\"@type\":\"ListItem\",\"position\":1,\"name\":\"Portada\",\"item\":\"https:\\\/\\\/urbanadventure.es\\\/valencia\\\/\"},{\"@type\":\"ListItem\",\"position\":2,\"name\":\"Tarifas\",\"item\":\"https:\\\/\\\/urbanadventure.es\\\/valencia\\\/tarifas\\\/\"},{\"@type\":\"ListItem\",\"position\":3,\"name\":\"Adulto\"}]},{\"@type\":\"WebSite\",\"@id\":\"https:\\\/\\\/urbanadventure.es\\\/valencia\\\/#website\",\"url\":\"https:\\\/\\\/urbanadventure.es\\\/valencia\\\/\",\"name\":\"Urban Adventure Valencia\",\"description\":\"Otro sitio m\u00e1s de Urban Adventure\",\"potentialAction\":[{\"@type\":\"SearchAction\",\"target\":{\"@type\":\"EntryPoint\",\"urlTemplate\":\"https:\\\/\\\/urbanadventure.es\\\/valencia\\\/?s={search_term_string}\"},\"query-input\":{\"@type\":\"PropertyValueSpecification\",\"valueRequired\":true,\"valueName\":\"search_term_string\"}}],\"inLanguage\":\"es\"}]}<\/script>\n<!-- \/ Yoast SEO plugin. -->","yoast_head_json":{"title":"El mejor campo de paintball de Valencia con escenarios tematizados","description":"Disfruta del mejor paintball de Valencia con 3 escenarios tematizados y juega de noche en familia o con amigos. Mira nuestras ofertas y packs de promoci\u00f3n","robots":{"index":"index","follow":"follow","max-snippet":"max-snippet:-1","max-image-preview":"max-image-preview:large","max-video-preview":"max-video-preview:-1"},"canonical":"http:\/\/urbanadventure.es\/valencia\/tarifas\/adulto\/","og_locale":"es_ES","og_type":"article","og_title":"El mejor campo de paintball de Valencia con escenarios tematizados","og_description":"Disfruta del mejor paintball de Valencia con 3 escenarios tematizados y juega de noche en familia o con amigos. Mira nuestras ofertas y packs de promoci\u00f3n","og_url":"http:\/\/urbanadventure.es\/valencia\/tarifas\/adulto\/","og_site_name":"Urban Adventure Valencia","article_modified_time":"2021-11-18T17:44:46+00:00","twitter_card":"summary_large_image","twitter_misc":{"Tiempo de lectura":"3 minutos"},"schema":{"@context":"https:\/\/schema.org","@graph":[{"@type":"WebPage","@id":"http:\/\/urbanadventure.es\/valencia\/tarifas\/adulto\/","url":"http:\/\/urbanadventure.es\/valencia\/tarifas\/adulto\/","name":"El mejor campo de paintball de Valencia con escenarios tematizados","isPartOf":{"@id":"https:\/\/urbanadventure.es\/valencia\/#website"},"datePublished":"2021-09-16T15:55:33+00:00","dateModified":"2021-11-18T17:44:46+00:00","description":"Disfruta del mejor paintball de Valencia con 3 escenarios tematizados y juega de noche en familia o con amigos. Mira nuestras ofertas y packs de promoci\u00f3n","breadcrumb":{"@id":"http:\/\/urbanadventure.es\/valencia\/tarifas\/adulto\/#breadcrumb"},"inLanguage":"es","potentialAction":[{"@type":"ReadAction","target":["http:\/\/urbanadventure.es\/valencia\/tarifas\/adulto\/"]}]},{"@type":"BreadcrumbList","@id":"http:\/\/urbanadventure.es\/valencia\/tarifas\/adulto\/#breadcrumb","itemListElement":[{"@type":"ListItem","position":1,"name":"Portada","item":"https:\/\/urbanadventure.es\/valencia\/"},{"@type":"ListItem","position":2,"name":"Tarifas","item":"https:\/\/urbanadventure.es\/valencia\/tarifas\/"},{"@type":"ListItem","position":3,"name":"Adulto"}]},{"@type":"WebSite","@id":"https:\/\/urbanadventure.es\/valencia\/#website","url":"https:\/\/urbanadventure.es\/valencia\/","name":"Urban Adventure Valencia","description":"Otro sitio m\u00e1s de Urban Adventure","potentialAction":[{"@type":"SearchAction","target":{"@type":"EntryPoint","urlTemplate":"https:\/\/urbanadventure.es\/valencia\/?s={search_term_string}"},"query-input":{"@type":"PropertyValueSpecification","valueRequired":true,"valueName":"search_term_string"}}],"inLanguage":"es"}]}},"_links":{"self":[{"href":"http:\/\/urbanadventure.es\/valencia\/wp-json\/wp\/v2\/pages\/296","targetHints":{"allow":["GET"]}}],"collection":[{"href":"http:\/\/urbanadventure.es\/valencia\/wp-json\/wp\/v2\/pages"}],"about":[{"href":"http:\/\/urbanadventure.es\/valencia\/wp-json\/wp\/v2\/types\/page"}],"author":[{"embeddable":true,"href":"http:\/\/urbanadventure.es\/valencia\/wp-json\/wp\/v2\/users\/1"}],"replies":[{"embeddable":true,"href":"http:\/\/urbanadventure.es\/valencia\/wp-json\/wp\/v2\/comments?post=296"}],"version-history":[{"count":7,"href":"http:\/\/urbanadventure.es\/valencia\/wp-json\/wp\/v2\/pages\/296\/revisions"}],"predecessor-version":[{"id":713,"href":"http:\/\/urbanadventure.es\/valencia\/wp-json\/wp\/v2\/pages\/296\/revisions\/713"}],"up":[{"embeddable":true,"href":"http:\/\/urbanadventure.es\/valencia\/wp-json\/wp\/v2\/pages\/202"}],"wp:attachment":[{"href":"http:\/\/urbanadventure.es\/valencia\/wp-json\/wp\/v2\/media?parent=296"}],"curies":[{"name":"wp","href":"https:\/\/api.w.org\/{rel}","templated":true}]}}