{"id":235,"date":"2021-09-10T11:43:40","date_gmt":"2021-09-10T09:43:40","guid":{"rendered":"https:\/\/urbanadventure.es\/valencia\/?page_id=235"},"modified":"2026-03-27T14:32:46","modified_gmt":"2026-03-27T12:32:46","slug":"velocidad","status":"publish","type":"page","link":"http:\/\/urbanadventure.es\/valencia\/packs\/velocidad\/","title":{"rendered":"Velocidad"},"content":{"rendered":"<p>[et_pb_section fb_built=\u00bb1&#8243; _builder_version=\u00bb4.16&#8243; _module_preset=\u00bbdefault\u00bb custom_padding=\u00bb51px||6px|||\u00bb global_colors_info=\u00bb{}\u00bb][et_pb_row _builder_version=\u00bb4.16&#8243; _module_preset=\u00bbdefault\u00bb custom_padding=\u00bb4px|||||\u00bb global_colors_info=\u00bb{}\u00bb][et_pb_column type=\u00bb4_4&#8243; _builder_version=\u00bb4.16&#8243; _module_preset=\u00bbdefault\u00bb global_colors_info=\u00bb{}\u00bb][et_pb_image src=\u00bbhttps:\/\/urbanadventure.es\/valencia\/wp-content\/uploads\/sites\/2\/2023\/03\/velocidad-karts-valencia.jpg\u00bb title_text=\u00bbvelocidad-karts-valencia\u00bb align=\u00bbcenter\u00bb force_fullwidth=\u00bbon\u00bb _builder_version=\u00bb4.16&#8243; _module_preset=\u00bbdefault\u00bb global_colors_info=\u00bb{}\u00bb][\/et_pb_image][\/et_pb_column][\/et_pb_row][et_pb_row column_structure=\u00bb1_2,1_2&#8243; _builder_version=\u00bb4.16&#8243; _module_preset=\u00bbdefault\u00bb global_colors_info=\u00bb{}\u00bb][et_pb_column type=\u00bb1_2&#8243; _builder_version=\u00bb4.16&#8243; _module_preset=\u00bbdefault\u00bb global_colors_info=\u00bb{}\u00bb][et_pb_text _builder_version=\u00bb4.27.5&#8243; _module_preset=\u00bbdefault\u00bb hover_enabled=\u00bb0&#8243; global_colors_info=\u00bb{}\u00bb sticky_enabled=\u00bb0&#8243;]<\/p>\n<h1>pack velocidad adultos<\/h1>\n<p>Si eres mayor de 14 a\u00f1os, con el pack velocidad de Urban Adventure podr\u00e1s disfrutar por tan solo <strong>42 \u20ac por persona<\/strong> de una partida de paintball con 200 bolas, y una tanda de 8 minutos con karts de competici\u00f3n (Sodi de 270cc) en el impresionante circuito de karting situado cerca de nuestras instalaciones.<\/p>\n<p><span style=\"color: #ff0000;\"><strong>SERVICIOS EXTRA:<\/strong><\/span><\/p>\n<ul>\n<li>Recarga Adicional de 100 bolas 5 \u20ac<\/li>\n<li>Caja de 2.000 bolas 80 \u20ac<\/li>\n<li>Otros servicios, consultar<\/li>\n<\/ul>\n<p><strong><\/strong><\/p>\n<p>[\/et_pb_text][\/et_pb_column][et_pb_column type=\u00bb1_2&#8243; _builder_version=\u00bb4.16&#8243; _module_preset=\u00bbdefault\u00bb global_colors_info=\u00bb{}\u00bb][et_pb_text _builder_version=\u00bb4.16&#8243; _module_preset=\u00bbdefault\u00bb global_colors_info=\u00bb{}\u00bb]<\/p>\n<h3>pack velocidad infantil<\/h3>\n<p>Para los participantes con edades comprendidas entre los 7 a\u00f1os y los 14 tenemos preparado nuestro pack velocidad infantil de Urban Adventure. Con \u00e9l podr\u00e9is disfrutar por tan solo <strong>38 \u20ac por persona<\/strong> de una partida de paintball con 100 bolas, con la marcadora JT-Splatmaster Z200 y una tanda de 8 minutos con karts de competici\u00f3n (Sodi de 180cc) en el impresionante circuito de karting situado cerca de nuestras instalaciones.<\/p>\n<p><span style=\"color: #ff0000;\"><strong>SERVICIOS EXTRA:<\/strong><\/span><\/p>\n<ul>\n<li>Recarga Adicional de 50 bolas 5 \u20ac<\/li>\n<li>Cantimplora de 500 bolas 40 \u20ac<\/li>\n<li>Otros servicios, consultar<\/li>\n<\/ul>\n<p><strong><\/strong><\/p>\n<p>[\/et_pb_text][\/et_pb_column][\/et_pb_row][\/et_pb_section][et_pb_section fb_built=\u00bb1&#8243; _builder_version=\u00bb4.16&#8243; _module_preset=\u00bbdefault\u00bb background_color=\u00bb#000000&#8243; custom_padding=\u00bb9px|||||\u00bb global_colors_info=\u00bb{}\u00bb][et_pb_row column_structure=\u00bb1_2,1_2&#8243; _builder_version=\u00bb4.16&#8243; _module_preset=\u00bbdefault\u00bb custom_padding=\u00bb17px||2px|||\u00bb global_colors_info=\u00bb{}\u00bb][et_pb_column type=\u00bb1_2&#8243; _builder_version=\u00bb4.16&#8243; _module_preset=\u00bbdefault\u00bb global_colors_info=\u00bb{}\u00bb][et_pb_text _builder_version=\u00bb4.16&#8243; _module_preset=\u00bbdefault\u00bb header_text_align=\u00bbcenter\u00bb text_orientation=\u00bbcenter\u00bb custom_margin=\u00bb||24px|||\u00bb global_colors_info=\u00bb{}\u00bb]<\/p>\n<h2 style=\"text-align: left;\">CONDICIONES PARTICULARES<\/h2>\n<p>[\/et_pb_text][et_pb_blurb use_icon=\u00bbon\u00bb font_icon=\u00bb&#x4e;||divi||400&#8243; icon_placement=\u00bbleft\u00bb _builder_version=\u00bb4.16&#8243; _module_preset=\u00bbdefault\u00bb body_font_size=\u00bb12px\u00bb background_layout=\u00bbdark\u00bb custom_margin=\u00bb||26px|||\u00bb global_colors_info=\u00bb{}\u00bb]<\/p>\n<p>Previo a cada una de las dos actividades se realizara un Briefing a cargo del Instructor de Campo y el Director de Carrera.<\/p>\n<p>[\/et_pb_blurb][et_pb_blurb use_icon=\u00bbon\u00bb font_icon=\u00bb&#x4e;||divi||400&#8243; icon_placement=\u00bbleft\u00bb _builder_version=\u00bb4.16&#8243; _module_preset=\u00bbdefault\u00bb body_font_size=\u00bb12px\u00bb background_layout=\u00bbdark\u00bb custom_margin=\u00bb||29px|||\u00bb global_colors_info=\u00bb{}\u00bb]<\/p>\n<p>El precio por persona incluye el alquiler de todo el equipo para practicar paintball con 100 bolas as\u00ed como el alquiler de un kart durante 8 minutos.<\/p>\n<p>[\/et_pb_blurb][et_pb_blurb use_icon=\u00bbon\u00bb font_icon=\u00bb&#x4e;||divi||400&#8243; icon_placement=\u00bbleft\u00bb _builder_version=\u00bb4.16&#8243; _module_preset=\u00bbdefault\u00bb body_font_size=\u00bb12px\u00bb background_layout=\u00bbdark\u00bb custom_margin=\u00bb-15px||30px|||\u00bb global_colors_info=\u00bb{}\u00bb]<\/p>\n<p>Incluimos seguro en las dos actividades.<\/p>\n<p>[\/et_pb_blurb][et_pb_blurb use_icon=\u00bbon\u00bb font_icon=\u00bb&#x4e;||divi||400&#8243; icon_placement=\u00bbleft\u00bb _builder_version=\u00bb4.16&#8243; _module_preset=\u00bbdefault\u00bb body_font_size=\u00bb12px\u00bb background_layout=\u00bbdark\u00bb custom_margin=\u00bb-15px||29px|||\u00bb global_colors_info=\u00bb{}\u00bb]<\/p>\n<p>Grupo m\u00ednimo de 8 personas (inferior consultar).<\/p>\n<p>[\/et_pb_blurb][et_pb_blurb use_icon=\u00bbon\u00bb font_icon=\u00bb&#x4e;||divi||400&#8243; icon_placement=\u00bbleft\u00bb _builder_version=\u00bb4.16&#8243; _module_preset=\u00bbdefault\u00bb body_font_size=\u00bb12px\u00bb background_layout=\u00bbdark\u00bb custom_margin=\u00bb-15px||30px|||\u00bb global_colors_info=\u00bb{}\u00bb]<\/p>\n<p>Tarifas sujetas a posibles modificaciones.<\/p>\n<p>[\/et_pb_blurb][\/et_pb_column][et_pb_column type=\u00bb1_2&#8243; _builder_version=\u00bb4.16&#8243; _module_preset=\u00bbdefault\u00bb global_colors_info=\u00bb{}\u00bb][et_pb_blurb use_icon=\u00bbon\u00bb font_icon=\u00bb&#x4e;||divi||400&#8243; icon_placement=\u00bbleft\u00bb _builder_version=\u00bb4.16&#8243; _module_preset=\u00bbdefault\u00bb body_font_size=\u00bb12px\u00bb background_layout=\u00bbdark\u00bb custom_margin=\u00bb5px||29px|||\u00bb custom_padding=\u00bb21px|||||\u00bb global_colors_info=\u00bb{}\u00bb]<\/p>\n<p>Los menores de 18 a\u00f1os deber\u00e1n traer cumplimentada y firmada la autorizaci\u00f3n por parte de un adulto.<\/p>\n<p>[\/et_pb_blurb][et_pb_blurb use_icon=\u00bbon\u00bb font_icon=\u00bb&#x4e;||divi||400&#8243; icon_placement=\u00bbleft\u00bb _builder_version=\u00bb4.16&#8243; _module_preset=\u00bbdefault\u00bb body_font_size=\u00bb12px\u00bb background_layout=\u00bbdark\u00bb custom_margin=\u00bb-15px||30px|||\u00bb global_colors_info=\u00bb{}\u00bb]<\/p>\n<p>Obligaci\u00f3n de realizar reserva previa para un d\u00eda concreto a trav\u00e9s del tel\u00e9fono 633 300 344 o en info@urbanadventure.es.<\/p>\n<p>[\/et_pb_blurb][et_pb_blurb use_icon=\u00bbon\u00bb font_icon=\u00bb&#x4e;||divi||400&#8243; icon_placement=\u00bbleft\u00bb _builder_version=\u00bb4.16&#8243; _module_preset=\u00bbdefault\u00bb body_font_size=\u00bb12px\u00bb background_layout=\u00bbdark\u00bb custom_margin=\u00bb-15px||29px|||\u00bb global_colors_info=\u00bb{}\u00bb]<\/p>\n<p>Para garantizar la seguridad de todos los participantes, la pr\u00e1ctica de la actividad estar\u00e1 sujeta a ciertas restricciones de edad y requiere determinadas condiciones f\u00edsicas y ps\u00edquicas.<\/p>\n<p>[\/et_pb_blurb][et_pb_blurb use_icon=\u00bbon\u00bb font_icon=\u00bb&#x4e;||divi||400&#8243; icon_placement=\u00bbleft\u00bb _builder_version=\u00bb4.16&#8243; _module_preset=\u00bbdefault\u00bb body_font_size=\u00bb12px\u00bb background_layout=\u00bbdark\u00bb custom_margin=\u00bb-15px||30px|||\u00bb global_colors_info=\u00bb{}\u00bb]<\/p>\n<p>No acumulable a otro tipo de promociones o al packs.<\/p>\n<p>[\/et_pb_blurb][et_pb_blurb use_icon=\u00bbon\u00bb font_icon=\u00bb&#x4e;||divi||400&#8243; icon_placement=\u00bbleft\u00bb _builder_version=\u00bb4.16&#8243; _module_preset=\u00bbdefault\u00bb body_font_size=\u00bb12px\u00bb background_layout=\u00bbdark\u00bb custom_margin=\u00bb-15px|||||\u00bb global_colors_info=\u00bb{}\u00bb]<\/p>\n<p>Promoci\u00f3n valida \u00fanicamente en horario diurno.<\/p>\n<p>[\/et_pb_blurb][\/et_pb_column][\/et_pb_row][\/et_pb_section][et_pb_section fb_built=\u00bb1&#8243; admin_label=\u00bbsection\u00bb _builder_version=\u00bb4.16&#8243; background_color=\u00bbrgba(255,255,255,0)\u00bb background_image=\u00bbhttps:\/\/urbanadventure.es\/valencia\/wp-content\/uploads\/sites\/2\/2021\/07\/paintball-valencia.png\u00bb custom_margin=\u00bb-41px||-52px|||\u00bb custom_margin_tablet=\u00bb\u00bb custom_margin_phone=\u00bb-41px||-30px||false|false\u00bb custom_margin_last_edited=\u00bbon|phone\u00bb custom_padding=\u00bb68px||68px||true|\u00bb global_colors_info=\u00bb{}\u00bb][et_pb_row _builder_version=\u00bb4.16&#8243; _module_preset=\u00bbdefault\u00bb global_colors_info=\u00bb{}\u00bb][et_pb_column type=\u00bb4_4&#8243; _builder_version=\u00bb4.16&#8243; _module_preset=\u00bbdefault\u00bb global_colors_info=\u00bb{}\u00bb][et_pb_text _builder_version=\u00bb4.16&#8243; _module_preset=\u00bbdefault\u00bb text_font=\u00bb|800|||||||\u00bb text_text_color=\u00bb#000000&#8243; text_font_size=\u00bb46px\u00bb text_orientation=\u00bbcenter\u00bb text_line_height_tablet=\u00bb\u00bb text_line_height_phone=\u00bb1.3em\u00bb text_line_height_last_edited=\u00bbon|phone\u00bb global_colors_info=\u00bb{}\u00bb]<\/p>\n<p>[ <span style=\"color: #ffffff;\">HAZ TU RESERVA<\/span> ]<\/p>\n<p>[\/et_pb_text][\/et_pb_column][\/et_pb_row][et_pb_row column_structure=\u00bb1_3,1_3,1_3&#8243; _builder_version=\u00bb4.16&#8243; _module_preset=\u00bbdefault\u00bb width=\u00bb100%\u00bb global_colors_info=\u00bb{}\u00bb][et_pb_column type=\u00bb1_3&#8243; _builder_version=\u00bb4.16&#8243; _module_preset=\u00bbdefault\u00bb global_colors_info=\u00bb{}\u00bb][\/et_pb_column][et_pb_column type=\u00bb1_3&#8243; _builder_version=\u00bb4.16&#8243; _module_preset=\u00bbdefault\u00bb global_colors_info=\u00bb{}\u00bb][et_pb_text _builder_version=\u00bb4.16&#8243; _module_preset=\u00bbdefault\u00bb text_font_size=\u00bb20px\u00bb global_colors_info=\u00bb{}\u00bb]<\/p>\n<p style=\"text-align: center;\"><span style=\"color: #ffffff;\">No lo pienses m\u00e1s y disfruta de nuestras actividades a 5 minutos del centro de Valencia<\/span><\/p>\n<p>[\/et_pb_text][\/et_pb_column][et_pb_column type=\u00bb1_3&#8243; _builder_version=\u00bb4.16&#8243; _module_preset=\u00bbdefault\u00bb global_colors_info=\u00bb{}\u00bb][\/et_pb_column][\/et_pb_row][et_pb_row _builder_version=\u00bb4.16&#8243; _module_preset=\u00bbdefault\u00bb global_colors_info=\u00bb{}\u00bb][et_pb_column type=\u00bb4_4&#8243; _builder_version=\u00bb4.16&#8243; _module_preset=\u00bbdefault\u00bb global_colors_info=\u00bb{}\u00bb][et_pb_button button_url=\u00bb@ET-DC@eyJkeW5hbWljIjp0cnVlLCJjb250ZW50IjoicG9zdF9saW5rX3VybF9wYWdlIiwic2V0dGluZ3MiOnsicG9zdF9pZCI6IjEzOSJ9fQ==@\u00bb button_text=\u00bbRESERVAR AHORA\u00bb button_alignment=\u00bbcenter\u00bb _builder_version=\u00bb4.16&#8243; _dynamic_attributes=\u00bbbutton_url\u00bb _module_preset=\u00bbdefault\u00bb custom_button=\u00bbon\u00bb button_text_color=\u00bb#ffffff\u00bb button_bg_color=\u00bb#000000&#8243; button_border_color=\u00bb#000000&#8243; global_colors_info=\u00bb{}\u00bb][\/et_pb_button][\/et_pb_column][\/et_pb_row][\/et_pb_section]<\/p>\n","protected":false},"excerpt":{"rendered":"<p>pack velocidad adultos Si eres mayor de 14 a\u00f1os, con el pack velocidad de Urban Adventure podr\u00e1s disfrutar por tan solo 42 \u20ac por persona de una partida de paintball con 200 bolas, y una tanda de 8 minutos con karts de competici\u00f3n (Sodi de 270cc) en el impresionante circuito de karting situado cerca de [&hellip;]<\/p>\n","protected":false},"author":1,"featured_media":0,"parent":218,"menu_order":0,"comment_status":"closed","ping_status":"closed","template":"","meta":{"_et_pb_use_builder":"on","_et_pb_old_content":"<!-- wp:divi\/placeholder \/-->","_et_gb_content_width":"","footnotes":""},"class_list":["post-235","page","type-page","status-publish","hentry"],"yoast_head":"<!-- This site is optimized with the Yoast SEO plugin v27.2 - https:\/\/yoast.com\/product\/yoast-seo-wordpress\/ -->\n<title>Paintball y carrera de karts de competici\u00f3n en Valencia<\/title>\n<meta name=\"description\" content=\"Combina una partida de paintball con una carrera de karts de competici\u00f3n en Urban Paintball Valencia. Con las mejores marcadoras y kards tanto para adultos como infantiles\" \/>\n<meta name=\"robots\" content=\"index, follow, max-snippet:-1, max-image-preview:large, max-video-preview:-1\" \/>\n<link rel=\"canonical\" href=\"https:\/\/urbanadventure.es\/valencia\/packs\/velocidad\/\" \/>\n<meta property=\"og:locale\" content=\"es_ES\" \/>\n<meta property=\"og:type\" content=\"article\" \/>\n<meta property=\"og:title\" content=\"Paintball y carrera de karts de competici\u00f3n en Valencia\" \/>\n<meta property=\"og:description\" content=\"Combina una partida de paintball con una carrera de karts de competici\u00f3n en Urban Paintball Valencia. Con las mejores marcadoras y kards tanto para adultos como infantiles\" \/>\n<meta property=\"og:url\" content=\"https:\/\/urbanadventure.es\/valencia\/packs\/velocidad\/\" \/>\n<meta property=\"og:site_name\" content=\"Urban Adventure Valencia\" \/>\n<meta property=\"article:modified_time\" content=\"2026-03-27T12:32:46+00:00\" \/>\n<meta name=\"twitter:card\" content=\"summary_large_image\" \/>\n<meta name=\"twitter:label1\" content=\"Tiempo de lectura\" \/>\n\t<meta name=\"twitter:data1\" content=\"3 minutos\" \/>\n<script type=\"application\/ld+json\" class=\"yoast-schema-graph\">{\"@context\":\"https:\/\/schema.org\",\"@graph\":[{\"@type\":\"WebPage\",\"@id\":\"https:\/\/urbanadventure.es\/valencia\/packs\/velocidad\/\",\"url\":\"https:\/\/urbanadventure.es\/valencia\/packs\/velocidad\/\",\"name\":\"Paintball y carrera de karts de competici\u00f3n en Valencia\",\"isPartOf\":{\"@id\":\"https:\/\/urbanadventure.es\/valencia\/#website\"},\"datePublished\":\"2021-09-10T09:43:40+00:00\",\"dateModified\":\"2026-03-27T12:32:46+00:00\",\"description\":\"Combina una partida de paintball con una carrera de karts de competici\u00f3n en Urban Paintball Valencia. Con las mejores marcadoras y kards tanto para adultos como infantiles\",\"breadcrumb\":{\"@id\":\"https:\/\/urbanadventure.es\/valencia\/packs\/velocidad\/#breadcrumb\"},\"inLanguage\":\"es\",\"potentialAction\":[{\"@type\":\"ReadAction\",\"target\":[\"https:\/\/urbanadventure.es\/valencia\/packs\/velocidad\/\"]}]},{\"@type\":\"BreadcrumbList\",\"@id\":\"https:\/\/urbanadventure.es\/valencia\/packs\/velocidad\/#breadcrumb\",\"itemListElement\":[{\"@type\":\"ListItem\",\"position\":1,\"name\":\"Portada\",\"item\":\"https:\/\/urbanadventure.es\/valencia\/\"},{\"@type\":\"ListItem\",\"position\":2,\"name\":\"Packs ADULTOS\",\"item\":\"https:\/\/urbanadventure.es\/valencia\/packs\/\"},{\"@type\":\"ListItem\",\"position\":3,\"name\":\"Velocidad\"}]},{\"@type\":\"WebSite\",\"@id\":\"https:\/\/urbanadventure.es\/valencia\/#website\",\"url\":\"https:\/\/urbanadventure.es\/valencia\/\",\"name\":\"Urban Adventure Valencia\",\"description\":\"Otro sitio m\u00e1s de Urban Adventure\",\"potentialAction\":[{\"@type\":\"SearchAction\",\"target\":{\"@type\":\"EntryPoint\",\"urlTemplate\":\"https:\/\/urbanadventure.es\/valencia\/?s={search_term_string}\"},\"query-input\":{\"@type\":\"PropertyValueSpecification\",\"valueRequired\":true,\"valueName\":\"search_term_string\"}}],\"inLanguage\":\"es\"}]}<\/script>\n<!-- \/ Yoast SEO plugin. -->","yoast_head_json":{"title":"Paintball y carrera de karts de competici\u00f3n en Valencia","description":"Combina una partida de paintball con una carrera de karts de competici\u00f3n en Urban Paintball Valencia. Con las mejores marcadoras y kards tanto para adultos como infantiles","robots":{"index":"index","follow":"follow","max-snippet":"max-snippet:-1","max-image-preview":"max-image-preview:large","max-video-preview":"max-video-preview:-1"},"canonical":"https:\/\/urbanadventure.es\/valencia\/packs\/velocidad\/","og_locale":"es_ES","og_type":"article","og_title":"Paintball y carrera de karts de competici\u00f3n en Valencia","og_description":"Combina una partida de paintball con una carrera de karts de competici\u00f3n en Urban Paintball Valencia. Con las mejores marcadoras y kards tanto para adultos como infantiles","og_url":"https:\/\/urbanadventure.es\/valencia\/packs\/velocidad\/","og_site_name":"Urban Adventure Valencia","article_modified_time":"2026-03-27T12:32:46+00:00","twitter_card":"summary_large_image","twitter_misc":{"Tiempo de lectura":"3 minutos"},"schema":{"@context":"https:\/\/schema.org","@graph":[{"@type":"WebPage","@id":"https:\/\/urbanadventure.es\/valencia\/packs\/velocidad\/","url":"https:\/\/urbanadventure.es\/valencia\/packs\/velocidad\/","name":"Paintball y carrera de karts de competici\u00f3n en Valencia","isPartOf":{"@id":"https:\/\/urbanadventure.es\/valencia\/#website"},"datePublished":"2021-09-10T09:43:40+00:00","dateModified":"2026-03-27T12:32:46+00:00","description":"Combina una partida de paintball con una carrera de karts de competici\u00f3n en Urban Paintball Valencia. Con las mejores marcadoras y kards tanto para adultos como infantiles","breadcrumb":{"@id":"https:\/\/urbanadventure.es\/valencia\/packs\/velocidad\/#breadcrumb"},"inLanguage":"es","potentialAction":[{"@type":"ReadAction","target":["https:\/\/urbanadventure.es\/valencia\/packs\/velocidad\/"]}]},{"@type":"BreadcrumbList","@id":"https:\/\/urbanadventure.es\/valencia\/packs\/velocidad\/#breadcrumb","itemListElement":[{"@type":"ListItem","position":1,"name":"Portada","item":"https:\/\/urbanadventure.es\/valencia\/"},{"@type":"ListItem","position":2,"name":"Packs ADULTOS","item":"https:\/\/urbanadventure.es\/valencia\/packs\/"},{"@type":"ListItem","position":3,"name":"Velocidad"}]},{"@type":"WebSite","@id":"https:\/\/urbanadventure.es\/valencia\/#website","url":"https:\/\/urbanadventure.es\/valencia\/","name":"Urban Adventure Valencia","description":"Otro sitio m\u00e1s de Urban Adventure","potentialAction":[{"@type":"SearchAction","target":{"@type":"EntryPoint","urlTemplate":"https:\/\/urbanadventure.es\/valencia\/?s={search_term_string}"},"query-input":{"@type":"PropertyValueSpecification","valueRequired":true,"valueName":"search_term_string"}}],"inLanguage":"es"}]}},"_links":{"self":[{"href":"http:\/\/urbanadventure.es\/valencia\/wp-json\/wp\/v2\/pages\/235","targetHints":{"allow":["GET"]}}],"collection":[{"href":"http:\/\/urbanadventure.es\/valencia\/wp-json\/wp\/v2\/pages"}],"about":[{"href":"http:\/\/urbanadventure.es\/valencia\/wp-json\/wp\/v2\/types\/page"}],"author":[{"embeddable":true,"href":"http:\/\/urbanadventure.es\/valencia\/wp-json\/wp\/v2\/users\/1"}],"replies":[{"embeddable":true,"href":"http:\/\/urbanadventure.es\/valencia\/wp-json\/wp\/v2\/comments?post=235"}],"version-history":[{"count":19,"href":"http:\/\/urbanadventure.es\/valencia\/wp-json\/wp\/v2\/pages\/235\/revisions"}],"predecessor-version":[{"id":1067,"href":"http:\/\/urbanadventure.es\/valencia\/wp-json\/wp\/v2\/pages\/235\/revisions\/1067"}],"up":[{"embeddable":true,"href":"http:\/\/urbanadventure.es\/valencia\/wp-json\/wp\/v2\/pages\/218"}],"wp:attachment":[{"href":"http:\/\/urbanadventure.es\/valencia\/wp-json\/wp\/v2\/media?parent=235"}],"curies":[{"name":"wp","href":"https:\/\/api.w.org\/{rel}","templated":true}]}}