{"id":21,"date":"2021-07-29T13:40:01","date_gmt":"2021-07-29T11:40:01","guid":{"rendered":"https:\/\/urbanadventure.es\/valencia\/?page_id=21"},"modified":"2025-11-12T13:23:25","modified_gmt":"2025-11-12T11:23:25","slug":"inicio","status":"publish","type":"page","link":"http:\/\/urbanadventure.es\/valencia\/","title":{"rendered":"Inicio"},"content":{"rendered":"<p>[et_pb_section fb_built=\u00bb1&#8243; fullwidth=\u00bbon\u00bb _builder_version=\u00bb4.16&#8243; _module_preset=\u00bbdefault\u00bb min_height=\u00bb800px\u00bb global_colors_info=\u00bb{}\u00bb][et_pb_fullwidth_slider _builder_version=\u00bb4.16&#8243; _module_preset=\u00bbdefault\u00bb text_orientation=\u00bbleft\u00bb min_height=\u00bb800px\u00bb custom_margin=\u00bb||||false|false\u00bb custom_padding=\u00bb||0px||false|false\u00bb header_text_shadow_style=\u00bbpreset5&#8243; header_text_shadow_vertical_length=\u00bb0.07em\u00bb global_colors_info=\u00bb{}\u00bb][et_pb_slide heading=\u00bbPaintball y Aventura\u00bb button_text=\u00bbRESERVAR\u00bb button_link=\u00bb@ET-DC@eyJkeW5hbWljIjp0cnVlLCJjb250ZW50IjoicG9zdF9saW5rX3VybF9wYWdlIiwic2V0dGluZ3MiOnsicG9zdF9pZCI6IjEzOSJ9fQ==@\u00bb use_bg_overlay=\u00bbon\u00bb bg_overlay_color=\u00bbrgba(224,43,32,0.14)\u00bb use_text_overlay=\u00bboff\u00bb _builder_version=\u00bb4.16&#8243; _dynamic_attributes=\u00bbbutton_link\u00bb _module_preset=\u00bbdefault\u00bb header_level=\u00bbh1&#8243; header_font_size=\u00bb56px\u00bb body_font=\u00bb|700|||||||\u00bb body_font_size=\u00bb23px\u00bb body_line_height=\u00bb2.1em\u00bb background_enable_color=\u00bboff\u00bb background_image=\u00bbhttps:\/\/urbanadventure.es\/valencia\/wp-content\/uploads\/sites\/2\/2021\/08\/slide-urban.jpg\u00bb background_enable_image=\u00bbon\u00bb custom_button=\u00bbon\u00bb button_text_color=\u00bb#ffffff\u00bb button_bg_color=\u00bb#000000&#8243; button_border_color=\u00bb#000000&#8243; text_orientation=\u00bbleft\u00bb custom_padding=\u00bb|||0px|false|false\u00bb global_colors_info=\u00bb{}\u00bb sticky_transition=\u00bbon\u00bb]<\/p>\n<p><span style=\"color: #000000;\">URBAN ADVENTURE VALENCIA<\/span><\/p>\n<p>[\/et_pb_slide][\/et_pb_fullwidth_slider][\/et_pb_section][et_pb_section fb_built=\u00bb1&#8243; _builder_version=\u00bb4.16&#8243; _module_preset=\u00bbdefault\u00bb background_image=\u00bbhttps:\/\/urbanadventure.es\/valencia\/wp-content\/uploads\/sites\/2\/2021\/08\/bg_1.jpg\u00bb custom_margin=\u00bb||-21px|||\u00bb custom_padding=\u00bb||0px|||\u00bb global_colors_info=\u00bb{}\u00bb][et_pb_row column_structure=\u00bb2_3,1_3&#8243; _builder_version=\u00bb4.16&#8243; _module_preset=\u00bbdefault\u00bb width=\u00bb90%\u00bb custom_margin=\u00bb|||5%|false|false\u00bb custom_padding=\u00bb||46px|||\u00bb global_colors_info=\u00bb{}\u00bb][et_pb_column type=\u00bb2_3&#8243; _builder_version=\u00bb4.16&#8243; _module_preset=\u00bbdefault\u00bb global_colors_info=\u00bb{}\u00bb][et_pb_text _builder_version=\u00bb4.16&#8243; _module_preset=\u00bbdefault\u00bb header_font_size=\u00bb27px\u00bb custom_margin=\u00bb||27px|||\u00bb global_colors_info=\u00bb{}\u00bb]<\/p>\n<h2>\u00a1Urban Adventure Valencia tu mejor decisi\u00f3n, de diversi\u00f3n!<\/h2>\n<p>[\/et_pb_text][et_pb_text _builder_version=\u00bb4.27.4&#8243; _module_preset=\u00bbdefault\u00bb custom_padding=\u00bb||37px|||\u00bb hover_enabled=\u00bb0&#8243; global_colors_info=\u00bb{}\u00bb sticky_enabled=\u00bb0&#8243;]<\/p>\n<p>&nbsp;<\/p>\n<p><strong>Contrata ya tu actividad y divi\u00e9rtete con nosotros de forma segura.<\/strong><\/p>\n<p>Disfruta de uno de los mejores centros de ocio de Valencia y de sus campos de paintball dise\u00f1ados especialmente para disfrutar. En nuestros cuatro escenarios tem\u00e1ticos podr\u00e1s sentir la adrenalina y vivir fuertes sensaciones. Desde nuestro tenebroso cementerio hasta nuestra zona de picnic en la que ni\u00f1os y adultos podr\u00e1n celebrar cualquier tipo de evento, cumplea\u00f1os, despedidas de soltero y soltera, jornadas empresariales o simplemente un d\u00eda entre amigos lleno de diversi\u00f3n.<\/p>\n<p>Adem\u00e1s si eres un amante del deporte o de la aventura, te proponemos complementar el paintball con atractivas actividades complementarias, como una divertida Gymkana, una partida de Archery, una partida de Bubbles, una tanda de karts, karting, comidas o cenas, etc.<\/p>\n<p>[\/et_pb_text][\/et_pb_column][et_pb_column type=\u00bb1_3&#8243; _builder_version=\u00bb4.16&#8243; _module_preset=\u00bbdefault\u00bb global_colors_info=\u00bb{}\u00bb][et_pb_image src=\u00bbhttps:\/\/urbanadventure.es\/valencia\/wp-content\/uploads\/sites\/2\/2021\/08\/adult1.png\u00bb title_text=\u00bbadult1&#8243; show_bottom_space=\u00bboff\u00bb _builder_version=\u00bb4.16&#8243; _module_preset=\u00bbdefault\u00bb custom_margin=\u00bb-10px|||||\u00bb custom_padding=\u00bb85px||||false|false\u00bb global_colors_info=\u00bb{}\u00bb][\/et_pb_image][\/et_pb_column][\/et_pb_row][\/et_pb_section][et_pb_section fb_built=\u00bb1&#8243; _builder_version=\u00bb4.16&#8243; _module_preset=\u00bbdefault\u00bb custom_margin=\u00bb37px|||||\u00bb custom_padding=\u00bb23px|||||\u00bb global_colors_info=\u00bb{}\u00bb][et_pb_row _builder_version=\u00bb4.16&#8243; _module_preset=\u00bbdefault\u00bb global_colors_info=\u00bb{}\u00bb][et_pb_column type=\u00bb4_4&#8243; _builder_version=\u00bb4.16&#8243; _module_preset=\u00bbdefault\u00bb global_colors_info=\u00bb{}\u00bb][et_pb_text _builder_version=\u00bb4.16&#8243; _module_preset=\u00bbdefault\u00bb header_text_align=\u00bbcenter\u00bb text_orientation=\u00bbcenter\u00bb custom_margin=\u00bb||23px|||\u00bb global_colors_info=\u00bb{}\u00bb]<\/p>\n<h2>Sea lo que sea lo que quieras celebrar, \u00a1Urban Paintball es tu sitio!<\/h2>\n<p>[\/et_pb_text][et_pb_text _builder_version=\u00bb4.16&#8243; _module_preset=\u00bbdefault\u00bb text_orientation=\u00bbcenter\u00bb global_colors_info=\u00bb{}\u00bb]<\/p>\n<p>Consulta nuestras tarifas y packs promocionales, o solic\u00edtanos informaci\u00f3n adicional en nuestra secci\u00f3n de reservas. Seguro que podremos ayudarte a organizar cualquier evento o actividad que puedas imaginar.<\/p>\n<p>[\/et_pb_text][\/et_pb_column][\/et_pb_row][et_pb_row column_structure=\u00bb1_4,1_4,1_4,1_4&#8243; use_custom_gutter=\u00bbon\u00bb gutter_width=\u00bb1&#8243; make_equal=\u00bbon\u00bb _builder_version=\u00bb4.16&#8243; _module_preset=\u00bbdefault\u00bb width=\u00bb85%\u00bb custom_margin=\u00bb||||false|false\u00bb custom_padding=\u00bb|0px||0px|false|false\u00bb global_colors_info=\u00bb{}\u00bb][et_pb_column type=\u00bb1_4&#8243; _builder_version=\u00bb4.16&#8243; _module_preset=\u00bbdefault\u00bb global_colors_info=\u00bb{}\u00bb][et_pb_image src=\u00bbhttps:\/\/urbanadventure.es\/valencia\/wp-content\/uploads\/sites\/2\/2021\/08\/aniversario.jpg\u00bb title_text=\u00bbaniversario\u00bb url=\u00bbhttps:\/\/urbanadventure.es\/valencia\/packs\/cumpleanos\/\u00bb _builder_version=\u00bb4.16&#8243; _module_preset=\u00bbdefault\u00bb global_colors_info=\u00bb{}\u00bb][\/et_pb_image][\/et_pb_column][et_pb_column type=\u00bb1_4&#8243; _builder_version=\u00bb4.16&#8243; _module_preset=\u00bbdefault\u00bb global_colors_info=\u00bb{}\u00bb][et_pb_image src=\u00bbhttps:\/\/urbanadventure.es\/valencia\/wp-content\/uploads\/sites\/2\/2021\/08\/colegios-grupos.jpg\u00bb title_text=\u00bbcolegios-grupos\u00bb url=\u00bbhttps:\/\/urbanadventure.es\/valencia\/colegios-y-grupos\/\u00bb _builder_version=\u00bb4.16&#8243; _module_preset=\u00bbdefault\u00bb global_colors_info=\u00bb{}\u00bb][\/et_pb_image][\/et_pb_column][et_pb_column type=\u00bb1_4&#8243; _builder_version=\u00bb4.16&#8243; _module_preset=\u00bbdefault\u00bb global_colors_info=\u00bb{}\u00bb][et_pb_image src=\u00bbhttps:\/\/urbanadventure.es\/valencia\/wp-content\/uploads\/sites\/2\/2021\/08\/despedidas.jpg\u00bb title_text=\u00bbdespedidas\u00bb url=\u00bbhttps:\/\/urbanadventure.es\/valencia\/packs\/despedida\/\u00bb _builder_version=\u00bb4.16&#8243; _module_preset=\u00bbdefault\u00bb global_colors_info=\u00bb{}\u00bb][\/et_pb_image][\/et_pb_column][et_pb_column type=\u00bb1_4&#8243; _builder_version=\u00bb4.16&#8243; _module_preset=\u00bbdefault\u00bb global_colors_info=\u00bb{}\u00bb][et_pb_image src=\u00bbhttps:\/\/urbanadventure.es\/valencia\/wp-content\/uploads\/sites\/2\/2021\/08\/empresas.jpg\u00bb title_text=\u00bbempresas\u00bb url=\u00bbhttps:\/\/urbanadventure.es\/valencia\/packs\/comida-cena\/\u00bb _builder_version=\u00bb4.16&#8243; _module_preset=\u00bbdefault\u00bb global_colors_info=\u00bb{}\u00bb][\/et_pb_image][\/et_pb_column][\/et_pb_row][\/et_pb_section][et_pb_section fb_built=\u00bb1&#8243; _builder_version=\u00bb4.16&#8243; _module_preset=\u00bbdefault\u00bb background_image=\u00bbhttps:\/\/urbanadventure.es\/valencia\/wp-content\/uploads\/sites\/2\/2021\/08\/bg_1.jpg\u00bb custom_padding=\u00bb9px||17px|||\u00bb global_colors_info=\u00bb{}\u00bb][et_pb_row column_structure=\u00bb1_2,1_2&#8243; make_equal=\u00bbon\u00bb _builder_version=\u00bb4.16&#8243; _module_preset=\u00bbdefault\u00bb global_colors_info=\u00bb{}\u00bb][et_pb_column type=\u00bb1_2&#8243; _builder_version=\u00bb4.16&#8243; _module_preset=\u00bbdefault\u00bb global_colors_info=\u00bb{}\u00bb][et_pb_image src=\u00bbhttps:\/\/urbanadventure.es\/valencia\/wp-content\/uploads\/sites\/2\/2021\/08\/paintball-familia.png\u00bb title_text=\u00bbpaintball-familia\u00bb align=\u00bbcenter\u00bb _builder_version=\u00bb4.16&#8243; _module_preset=\u00bbdefault\u00bb global_colors_info=\u00bb{}\u00bb][\/et_pb_image][\/et_pb_column][et_pb_column type=\u00bb1_2&#8243; _builder_version=\u00bb4.16&#8243; _module_preset=\u00bbdefault\u00bb global_colors_info=\u00bb{}\u00bb][et_pb_text _builder_version=\u00bb4.16&#8243; _module_preset=\u00bbdefault\u00bb custom_margin=\u00bb66px|||||\u00bb global_colors_info=\u00bb{}\u00bb]<\/p>\n<p><strong>Urban Adventure est\u00e1 situado muy cerca de Valencia a solo cinco minutos del centro de la capital, muy bien comunicado por la CV-35 (Salida 12 de la Pista de Ademuz).<\/strong><\/p>\n<p>En Urban Adventure Valencia estamos continuamente pensando y trabajando para ofrecerte las mejores experiencias y sorprenderte con las \u00faltimas novedades a nivel internacional.<\/p>\n<p>Queremos marcar la diferencia de calidad con el resto de centros de la zona y por eso, estamos orgullosos de decir que <strong>Urban Adventure Valencia forma parte de CVActiva<\/strong> (Asociaci\u00f3n de Empresas de Turismo Activo de la Comunidad Valenciana) <strong>al igual que de ANETA<\/strong> (Asociaci\u00f3n Nacional de Empresas de Turismo Activo). Adem\u00e1s, podemos decir orgullosos <strong>NOSOTROS S\u00cd QUE HEMOS FIRMADO EL C\u00d3DIGO \u00c9TICO DEL TURISMO VALENCIANO.<\/strong><\/p>\n<p>[\/et_pb_text][et_pb_button button_url=\u00bb@ET-DC@eyJkeW5hbWljIjp0cnVlLCJjb250ZW50IjoicG9zdF9saW5rX3VybF9wYWdlIiwic2V0dGluZ3MiOnsicG9zdF9pZCI6IjEzOSJ9fQ==@\u00bb button_text=\u00bbRESERVAR AHORA\u00bb button_alignment=\u00bbcenter\u00bb _builder_version=\u00bb4.16&#8243; _dynamic_attributes=\u00bbbutton_url\u00bb _module_preset=\u00bbdefault\u00bb custom_button=\u00bbon\u00bb button_text_color=\u00bb#ffffff\u00bb button_bg_color=\u00bb#000000&#8243; button_border_color=\u00bb#000000&#8243; global_colors_info=\u00bb{}\u00bb][\/et_pb_button][\/et_pb_column][\/et_pb_row][\/et_pb_section][et_pb_section fb_built=\u00bb1&#8243; _builder_version=\u00bb4.16&#8243; _module_preset=\u00bbdefault\u00bb background_color=\u00bb#000000&#8243; custom_padding=\u00bb9px|||||\u00bb global_colors_info=\u00bb{}\u00bb][et_pb_row _builder_version=\u00bb4.16&#8243; _module_preset=\u00bbdefault\u00bb global_colors_info=\u00bb{}\u00bb][et_pb_column type=\u00bb4_4&#8243; _builder_version=\u00bb4.16&#8243; _module_preset=\u00bbdefault\u00bb global_colors_info=\u00bb{}\u00bb][et_pb_text _builder_version=\u00bb4.16&#8243; _module_preset=\u00bbdefault\u00bb header_text_align=\u00bbcenter\u00bb text_orientation=\u00bbcenter\u00bb global_colors_info=\u00bb{}\u00bb]<\/p>\n<h2>ELIGE UN PAINTBALL DE CALIDAD<\/h2>\n<p>[\/et_pb_text][\/et_pb_column][\/et_pb_row][et_pb_row column_structure=\u00bb1_2,1_2&#8243; _builder_version=\u00bb4.16&#8243; _module_preset=\u00bbdefault\u00bb global_colors_info=\u00bb{}\u00bb][et_pb_column type=\u00bb1_2&#8243; _builder_version=\u00bb4.16&#8243; _module_preset=\u00bbdefault\u00bb global_colors_info=\u00bb{}\u00bb][et_pb_blurb use_icon=\u00bbon\u00bb font_icon=\u00bb&#x4e;||divi||400&#8243; icon_placement=\u00bbleft\u00bb _builder_version=\u00bb4.16&#8243; _module_preset=\u00bbdefault\u00bb background_layout=\u00bbdark\u00bb global_colors_info=\u00bb{}\u00bb]Zonas comunes, aparcamiento, aseos y zona de picnic.[\/et_pb_blurb][et_pb_blurb use_icon=\u00bbon\u00bb font_icon=\u00bb&#x4e;||divi||400&#8243; icon_placement=\u00bbleft\u00bb _builder_version=\u00bb4.16&#8243; _module_preset=\u00bbdefault\u00bb background_layout=\u00bbdark\u00bb custom_margin=\u00bb-15px|||||\u00bb global_colors_info=\u00bb{}\u00bb]<\/p>\n<p><span>A tan solo 5 minutos de Valencia.<\/span><\/p>\n<p>[\/et_pb_blurb][et_pb_blurb use_icon=\u00bbon\u00bb font_icon=\u00bb&#x4e;||divi||400&#8243; icon_placement=\u00bbleft\u00bb _builder_version=\u00bb4.16&#8243; _module_preset=\u00bbdefault\u00bb background_layout=\u00bbdark\u00bb custom_margin=\u00bb-15px|||||\u00bb global_colors_info=\u00bb{}\u00bb]<\/p>\n<p><span>Redes de protecci\u00f3n y zonas de juego delimitadas.<\/span><\/p>\n<p>[\/et_pb_blurb][et_pb_blurb use_icon=\u00bbon\u00bb font_icon=\u00bb&#x4e;||divi||400&#8243; icon_placement=\u00bbleft\u00bb _builder_version=\u00bb4.16&#8243; _module_preset=\u00bbdefault\u00bb background_layout=\u00bbdark\u00bb custom_margin=\u00bb-15px|||||\u00bb global_colors_info=\u00bb{}\u00bb]<\/p>\n<p>Bolas de m\u00e1xima calidad, f\u00e1cil ruptura.<\/p>\n<p>[\/et_pb_blurb][et_pb_blurb use_icon=\u00bbon\u00bb font_icon=\u00bb&#x4e;||divi||400&#8243; icon_placement=\u00bbleft\u00bb _builder_version=\u00bb4.16&#8243; _module_preset=\u00bbdefault\u00bb background_layout=\u00bbdark\u00bb custom_margin=\u00bb-15px|||||\u00bb global_colors_info=\u00bb{}\u00bb]<\/p>\n<p>Campos de juego e instalaciones totalmente iluminados.<\/p>\n<p>[\/et_pb_blurb][\/et_pb_column][et_pb_column type=\u00bb1_2&#8243; _builder_version=\u00bb4.16&#8243; _module_preset=\u00bbdefault\u00bb global_colors_info=\u00bb{}\u00bb][et_pb_blurb use_icon=\u00bbon\u00bb font_icon=\u00bb&#x4e;||divi||400&#8243; icon_placement=\u00bbleft\u00bb _builder_version=\u00bb4.16&#8243; _module_preset=\u00bbdefault\u00bb background_layout=\u00bbdark\u00bb custom_margin=\u00bb-15px|||||\u00bb global_colors_info=\u00bb{}\u00bb]<\/p>\n<p>Actividad completamente asegurada responsabilidad civil y accidentes.<\/p>\n<p>[\/et_pb_blurb][et_pb_blurb use_icon=\u00bbon\u00bb font_icon=\u00bb&#x4e;||divi||400&#8243; icon_placement=\u00bbleft\u00bb _builder_version=\u00bb4.16&#8243; _module_preset=\u00bbdefault\u00bb background_layout=\u00bbdark\u00bb custom_margin=\u00bb-15px|||||\u00bb global_colors_info=\u00bb{}\u00bb]<\/p>\n<p>Monitores cualificados para su m\u00e1xima seguridad.<\/p>\n<p>[\/et_pb_blurb][et_pb_blurb use_icon=\u00bbon\u00bb font_icon=\u00bb&#x4e;||divi||400&#8243; icon_placement=\u00bbleft\u00bb _builder_version=\u00bb4.16&#8243; _module_preset=\u00bbdefault\u00bb background_layout=\u00bbdark\u00bb custom_margin=\u00bb-15px|||||\u00bb global_colors_info=\u00bb{}\u00bb]<\/p>\n<p><span>Escenarios tematizados, variados, de gran realismo, campos reglamentarios, medidas deportivas.<\/span><\/p>\n<p>[\/et_pb_blurb][et_pb_blurb use_icon=\u00bbon\u00bb font_icon=\u00bb&#x4e;||divi||400&#8243; icon_placement=\u00bbleft\u00bb _builder_version=\u00bb4.16&#8243; _module_preset=\u00bbdefault\u00bb background_layout=\u00bbdark\u00bb custom_margin=\u00bb-15px|||||\u00bb global_colors_info=\u00bb{}\u00bb]<\/p>\n<p>Aire comprimido mayor precisi\u00f3n y seguridad que el CO2.<\/p>\n<p>[\/et_pb_blurb][\/et_pb_column][\/et_pb_row][\/et_pb_section][et_pb_section fb_built=\u00bb1&#8243; _builder_version=\u00bb4.16&#8243; _module_preset=\u00bbdefault\u00bb custom_padding=\u00bb37px|||||\u00bb global_colors_info=\u00bb{}\u00bb][et_pb_row _builder_version=\u00bb4.16&#8243; _module_preset=\u00bbdefault\u00bb global_colors_info=\u00bb{}\u00bb][et_pb_column type=\u00bb4_4&#8243; _builder_version=\u00bb4.16&#8243; _module_preset=\u00bbdefault\u00bb global_colors_info=\u00bb{}\u00bb][et_pb_text _builder_version=\u00bb4.16&#8243; _module_preset=\u00bbdefault\u00bb header_text_align=\u00bbcenter\u00bb text_orientation=\u00bbcenter\u00bb global_colors_info=\u00bb{}\u00bb]<\/p>\n<h2>AL D\u00cdA CON NUESTRO BLOG<\/h2>\n<p>[\/et_pb_text][et_pb_blog fullwidth=\u00bboff\u00bb posts_number=\u00bb3&#8243; include_categories=\u00bball\u00bb _builder_version=\u00bb4.16&#8243; _module_preset=\u00bbdefault\u00bb global_colors_info=\u00bb{}\u00bb][\/et_pb_blog][\/et_pb_column][\/et_pb_row][\/et_pb_section][et_pb_section fb_built=\u00bb1&#8243; admin_label=\u00bbsection\u00bb _builder_version=\u00bb4.16&#8243; background_color=\u00bbrgba(255,255,255,0)\u00bb background_image=\u00bbhttps:\/\/urbanadventure.es\/valencia\/wp-content\/uploads\/sites\/2\/2021\/07\/paintball-valencia.png\u00bb custom_margin=\u00bb-41px||-49px||false|false\u00bb custom_margin_tablet=\u00bb\u00bb custom_margin_phone=\u00bb||-27px||false|false\u00bb custom_margin_last_edited=\u00bbon|desktop\u00bb custom_padding=\u00bb72px||72px||true|\u00bb global_colors_info=\u00bb{}\u00bb][et_pb_row _builder_version=\u00bb4.16&#8243; _module_preset=\u00bbdefault\u00bb global_colors_info=\u00bb{}\u00bb][et_pb_column type=\u00bb4_4&#8243; _builder_version=\u00bb4.16&#8243; _module_preset=\u00bbdefault\u00bb global_colors_info=\u00bb{}\u00bb][et_pb_text _builder_version=\u00bb4.16&#8243; _module_preset=\u00bbdefault\u00bb text_font=\u00bb|800|||||||\u00bb text_text_color=\u00bb#000000&#8243; text_font_size=\u00bb46px\u00bb text_orientation=\u00bbcenter\u00bb text_line_height_tablet=\u00bb\u00bb text_line_height_phone=\u00bb1.1em\u00bb text_line_height_last_edited=\u00bbon|phone\u00bb global_colors_info=\u00bb{}\u00bb]<\/p>\n<p>[ <span style=\"color: #ffffff;\">HAZ TU RESERVA<\/span> ]<\/p>\n<p>[\/et_pb_text][\/et_pb_column][\/et_pb_row][et_pb_row column_structure=\u00bb1_3,1_3,1_3&#8243; _builder_version=\u00bb4.16&#8243; _module_preset=\u00bbdefault\u00bb width=\u00bb100%\u00bb global_colors_info=\u00bb{}\u00bb][et_pb_column type=\u00bb1_3&#8243; _builder_version=\u00bb4.16&#8243; _module_preset=\u00bbdefault\u00bb global_colors_info=\u00bb{}\u00bb][\/et_pb_column][et_pb_column type=\u00bb1_3&#8243; _builder_version=\u00bb4.16&#8243; _module_preset=\u00bbdefault\u00bb global_colors_info=\u00bb{}\u00bb][et_pb_text _builder_version=\u00bb4.16&#8243; _module_preset=\u00bbdefault\u00bb text_font_size=\u00bb20px\u00bb global_colors_info=\u00bb{}\u00bb]<\/p>\n<p style=\"text-align: center;\"><span style=\"color: #ffffff;\">No lo pienses m\u00e1s y disfruta de nuestras actividades a 5 minutos del centro de Valencia<\/span><\/p>\n<p>[\/et_pb_text][\/et_pb_column][et_pb_column type=\u00bb1_3&#8243; _builder_version=\u00bb4.16&#8243; _module_preset=\u00bbdefault\u00bb global_colors_info=\u00bb{}\u00bb][\/et_pb_column][\/et_pb_row][et_pb_row _builder_version=\u00bb4.16&#8243; _module_preset=\u00bbdefault\u00bb global_colors_info=\u00bb{}\u00bb][et_pb_column type=\u00bb4_4&#8243; _builder_version=\u00bb4.16&#8243; _module_preset=\u00bbdefault\u00bb global_colors_info=\u00bb{}\u00bb][et_pb_button button_url=\u00bb@ET-DC@eyJkeW5hbWljIjp0cnVlLCJjb250ZW50IjoicG9zdF9saW5rX3VybF9wYWdlIiwic2V0dGluZ3MiOnsicG9zdF9pZCI6IjEzOSJ9fQ==@\u00bb button_text=\u00bbRESERVAR AHORA\u00bb button_alignment=\u00bbcenter\u00bb _builder_version=\u00bb4.16&#8243; _dynamic_attributes=\u00bbbutton_url\u00bb _module_preset=\u00bbdefault\u00bb custom_button=\u00bbon\u00bb button_text_color=\u00bb#ffffff\u00bb button_bg_color=\u00bb#000000&#8243; button_border_color=\u00bb#000000&#8243; global_colors_info=\u00bb{}\u00bb][\/et_pb_button][\/et_pb_column][\/et_pb_row][\/et_pb_section]<\/p>\n","protected":false},"excerpt":{"rendered":"<p>URBAN ADVENTURE VALENCIA\u00a1Urban Adventure Valencia tu mejor decisi\u00f3n, de diversi\u00f3n!&nbsp; Contrata ya tu actividad y divi\u00e9rtete con nosotros de forma segura. Disfruta de uno de los mejores centros de ocio de Valencia y de sus campos de paintball dise\u00f1ados especialmente para disfrutar. En nuestros cuatro escenarios tem\u00e1ticos podr\u00e1s sentir la adrenalina y vivir fuertes sensaciones. [&hellip;]<\/p>\n","protected":false},"author":1,"featured_media":0,"parent":0,"menu_order":0,"comment_status":"closed","ping_status":"closed","template":"","meta":{"_et_pb_use_builder":"on","_et_pb_old_content":"<!-- wp:divi\/placeholder \/-->","_et_gb_content_width":"","footnotes":""},"class_list":["post-21","page","type-page","status-publish","hentry"],"yoast_head":"<!-- This site is optimized with the Yoast SEO plugin v27.5 - https:\/\/yoast.com\/product\/yoast-seo-wordpress\/ -->\n<title>Paintball en Valencia. Eventos, cumplea\u00f1os, despedidas, empresa<\/title>\n<meta name=\"description\" content=\"Realiza tus eventos en Urban Paintball Valencia, cumplea\u00f1os, despedidas, comidas de empresa o cualquier evento para divertirse con karts, tiro con arco o futbol burbuja\" \/>\n<meta name=\"robots\" content=\"index, follow, max-snippet:-1, max-image-preview:large, max-video-preview:-1\" \/>\n<link rel=\"canonical\" href=\"https:\/\/urbanadventure.es\/valencia\/\" \/>\n<meta property=\"og:locale\" content=\"es_ES\" \/>\n<meta property=\"og:type\" content=\"article\" \/>\n<meta property=\"og:title\" content=\"Paintball en Valencia. Eventos, cumplea\u00f1os, despedidas, empresa\" \/>\n<meta property=\"og:description\" content=\"Realiza tus eventos en Urban Paintball Valencia, cumplea\u00f1os, despedidas, comidas de empresa o cualquier evento para divertirse con karts, tiro con arco o futbol burbuja\" \/>\n<meta property=\"og:url\" content=\"https:\/\/urbanadventure.es\/valencia\/\" \/>\n<meta property=\"og:site_name\" content=\"Urban Adventure Valencia\" \/>\n<meta property=\"article:modified_time\" content=\"2025-11-12T11:23:25+00:00\" \/>\n<meta name=\"twitter:card\" content=\"summary_large_image\" \/>\n<meta name=\"twitter:label1\" content=\"Tiempo de lectura\" \/>\n\t<meta name=\"twitter:data1\" content=\"4 minutos\" \/>\n<script type=\"application\/ld+json\" class=\"yoast-schema-graph\">{\"@context\":\"https:\\\/\\\/schema.org\",\"@graph\":[{\"@type\":\"WebPage\",\"@id\":\"https:\\\/\\\/urbanadventure.es\\\/valencia\\\/\",\"url\":\"https:\\\/\\\/urbanadventure.es\\\/valencia\\\/\",\"name\":\"Paintball en Valencia. Eventos, cumplea\u00f1os, despedidas, empresa\",\"isPartOf\":{\"@id\":\"https:\\\/\\\/urbanadventure.es\\\/valencia\\\/#website\"},\"datePublished\":\"2021-07-29T11:40:01+00:00\",\"dateModified\":\"2025-11-12T11:23:25+00:00\",\"description\":\"Realiza tus eventos en Urban Paintball Valencia, cumplea\u00f1os, despedidas, comidas de empresa o cualquier evento para divertirse con karts, tiro con arco o futbol burbuja\",\"breadcrumb\":{\"@id\":\"https:\\\/\\\/urbanadventure.es\\\/valencia\\\/#breadcrumb\"},\"inLanguage\":\"es\",\"potentialAction\":[{\"@type\":\"ReadAction\",\"target\":[\"https:\\\/\\\/urbanadventure.es\\\/valencia\\\/\"]}]},{\"@type\":\"BreadcrumbList\",\"@id\":\"https:\\\/\\\/urbanadventure.es\\\/valencia\\\/#breadcrumb\",\"itemListElement\":[{\"@type\":\"ListItem\",\"position\":1,\"name\":\"Portada\",\"item\":\"https:\\\/\\\/urbanadventure.es\\\/valencia\\\/\"},{\"@type\":\"ListItem\",\"position\":2,\"name\":\"Inicio\"}]},{\"@type\":\"WebSite\",\"@id\":\"https:\\\/\\\/urbanadventure.es\\\/valencia\\\/#website\",\"url\":\"https:\\\/\\\/urbanadventure.es\\\/valencia\\\/\",\"name\":\"Urban Adventure Valencia\",\"description\":\"Otro sitio m\u00e1s de Urban Adventure\",\"potentialAction\":[{\"@type\":\"SearchAction\",\"target\":{\"@type\":\"EntryPoint\",\"urlTemplate\":\"https:\\\/\\\/urbanadventure.es\\\/valencia\\\/?s={search_term_string}\"},\"query-input\":{\"@type\":\"PropertyValueSpecification\",\"valueRequired\":true,\"valueName\":\"search_term_string\"}}],\"inLanguage\":\"es\"}]}<\/script>\n<!-- \/ Yoast SEO plugin. -->","yoast_head_json":{"title":"Paintball en Valencia. Eventos, cumplea\u00f1os, despedidas, empresa","description":"Realiza tus eventos en Urban Paintball Valencia, cumplea\u00f1os, despedidas, comidas de empresa o cualquier evento para divertirse con karts, tiro con arco o futbol burbuja","robots":{"index":"index","follow":"follow","max-snippet":"max-snippet:-1","max-image-preview":"max-image-preview:large","max-video-preview":"max-video-preview:-1"},"canonical":"https:\/\/urbanadventure.es\/valencia\/","og_locale":"es_ES","og_type":"article","og_title":"Paintball en Valencia. Eventos, cumplea\u00f1os, despedidas, empresa","og_description":"Realiza tus eventos en Urban Paintball Valencia, cumplea\u00f1os, despedidas, comidas de empresa o cualquier evento para divertirse con karts, tiro con arco o futbol burbuja","og_url":"https:\/\/urbanadventure.es\/valencia\/","og_site_name":"Urban Adventure Valencia","article_modified_time":"2025-11-12T11:23:25+00:00","twitter_card":"summary_large_image","twitter_misc":{"Tiempo de lectura":"4 minutos"},"schema":{"@context":"https:\/\/schema.org","@graph":[{"@type":"WebPage","@id":"https:\/\/urbanadventure.es\/valencia\/","url":"https:\/\/urbanadventure.es\/valencia\/","name":"Paintball en Valencia. Eventos, cumplea\u00f1os, despedidas, empresa","isPartOf":{"@id":"https:\/\/urbanadventure.es\/valencia\/#website"},"datePublished":"2021-07-29T11:40:01+00:00","dateModified":"2025-11-12T11:23:25+00:00","description":"Realiza tus eventos en Urban Paintball Valencia, cumplea\u00f1os, despedidas, comidas de empresa o cualquier evento para divertirse con karts, tiro con arco o futbol burbuja","breadcrumb":{"@id":"https:\/\/urbanadventure.es\/valencia\/#breadcrumb"},"inLanguage":"es","potentialAction":[{"@type":"ReadAction","target":["https:\/\/urbanadventure.es\/valencia\/"]}]},{"@type":"BreadcrumbList","@id":"https:\/\/urbanadventure.es\/valencia\/#breadcrumb","itemListElement":[{"@type":"ListItem","position":1,"name":"Portada","item":"https:\/\/urbanadventure.es\/valencia\/"},{"@type":"ListItem","position":2,"name":"Inicio"}]},{"@type":"WebSite","@id":"https:\/\/urbanadventure.es\/valencia\/#website","url":"https:\/\/urbanadventure.es\/valencia\/","name":"Urban Adventure Valencia","description":"Otro sitio m\u00e1s de Urban Adventure","potentialAction":[{"@type":"SearchAction","target":{"@type":"EntryPoint","urlTemplate":"https:\/\/urbanadventure.es\/valencia\/?s={search_term_string}"},"query-input":{"@type":"PropertyValueSpecification","valueRequired":true,"valueName":"search_term_string"}}],"inLanguage":"es"}]}},"_links":{"self":[{"href":"http:\/\/urbanadventure.es\/valencia\/wp-json\/wp\/v2\/pages\/21","targetHints":{"allow":["GET"]}}],"collection":[{"href":"http:\/\/urbanadventure.es\/valencia\/wp-json\/wp\/v2\/pages"}],"about":[{"href":"http:\/\/urbanadventure.es\/valencia\/wp-json\/wp\/v2\/types\/page"}],"author":[{"embeddable":true,"href":"http:\/\/urbanadventure.es\/valencia\/wp-json\/wp\/v2\/users\/1"}],"replies":[{"embeddable":true,"href":"http:\/\/urbanadventure.es\/valencia\/wp-json\/wp\/v2\/comments?post=21"}],"version-history":[{"count":56,"href":"http:\/\/urbanadventure.es\/valencia\/wp-json\/wp\/v2\/pages\/21\/revisions"}],"predecessor-version":[{"id":1010,"href":"http:\/\/urbanadventure.es\/valencia\/wp-json\/wp\/v2\/pages\/21\/revisions\/1010"}],"wp:attachment":[{"href":"http:\/\/urbanadventure.es\/valencia\/wp-json\/wp\/v2\/media?parent=21"}],"curies":[{"name":"wp","href":"https:\/\/api.w.org\/{rel}","templated":true}]}}