{"id":202,"date":"2021-08-10T08:54:29","date_gmt":"2021-08-10T06:54:29","guid":{"rendered":"https:\/\/urbanadventure.es\/valencia\/?page_id=202"},"modified":"2021-10-19T12:58:29","modified_gmt":"2021-10-19T10:58:29","slug":"tarifas","status":"publish","type":"page","link":"http:\/\/urbanadventure.es\/valencia\/tarifas\/","title":{"rendered":"Tarifas"},"content":{"rendered":"<p>[et_pb_section fb_built=\u00bb1&#8243; _builder_version=\u00bb4.7.4&#8243; _module_preset=\u00bbdefault\u00bb background_image=\u00bbhttps:\/\/urbanadventure.es\/valencia\/wp-content\/uploads\/sites\/2\/2021\/08\/paintball-en-valencia.png\u00bb min_height=\u00bb473px\u00bb global_colors_info=\u00bb{}\u00bb][et_pb_row _builder_version=\u00bb4.7.4&#8243; _module_preset=\u00bbdefault\u00bb custom_padding=\u00bb53px||53px||true|\u00bb global_colors_info=\u00bb{}\u00bb][et_pb_column type=\u00bb4_4&#8243; _builder_version=\u00bb4.7.4&#8243; _module_preset=\u00bbdefault\u00bb global_colors_info=\u00bb{}\u00bb][et_pb_text _builder_version=\u00bb4.11.3&#8243; _module_preset=\u00bbdefault\u00bb header_2_font_size=\u00bb64px\u00bb hover_enabled=\u00bb0&#8243; header_text_shadow_style=\u00bbpreset2&#8243; header_2_text_shadow_style=\u00bbpreset5&#8243; global_colors_info=\u00bb{}\u00bb header_font_size=\u00bb70px\u00bb sticky_enabled=\u00bb0&#8243;]<\/p>\n<h1 style=\"text-align: center;\"><span style=\"color: #ffffff;\">TARIFAS<\/span><\/h1>\n<p>[\/et_pb_text][\/et_pb_column][\/et_pb_row][\/et_pb_section][et_pb_section fb_built=\u00bb1&#8243; _builder_version=\u00bb4.7.4&#8243; _module_preset=\u00bbdefault\u00bb custom_margin=\u00bb0px||||false|false\u00bb custom_padding=\u00bb0px||0px||false|false\u00bb global_colors_info=\u00bb{}\u00bb][et_pb_row column_structure=\u00bb1_3,1_3,1_3&#8243; _builder_version=\u00bb4.7.4&#8243; _module_preset=\u00bbdefault\u00bb width=\u00bb60%\u00bb custom_margin=\u00bb24px|auto||auto||\u00bb global_colors_info=\u00bb{}\u00bb][et_pb_column type=\u00bb1_3&#8243; _builder_version=\u00bb4.7.4&#8243; _module_preset=\u00bbdefault\u00bb global_colors_info=\u00bb{}\u00bb][et_pb_image src=\u00bbhttps:\/\/urbanadventure.es\/valencia\/wp-content\/uploads\/sites\/2\/2021\/08\/tarif_inf.jpg\u00bb title_text=\u00bbtarif_inf\u00bb align=\u00bbcenter\u00bb _builder_version=\u00bb4.7.4&#8243; _module_preset=\u00bbdefault\u00bb global_colors_info=\u00bb{}\u00bb][\/et_pb_image][\/et_pb_column][et_pb_column type=\u00bb1_3&#8243; _builder_version=\u00bb4.7.4&#8243; _module_preset=\u00bbdefault\u00bb global_colors_info=\u00bb{}\u00bb][et_pb_image src=\u00bbhttps:\/\/urbanadventure.es\/valencia\/wp-content\/uploads\/sites\/2\/2021\/08\/tarif_adult-Valencia.jpg\u00bb title_text=\u00bbtarif_adult-Valencia\u00bb align=\u00bbcenter\u00bb _builder_version=\u00bb4.7.4&#8243; _module_preset=\u00bbdefault\u00bb global_colors_info=\u00bb{}\u00bb][\/et_pb_image][\/et_pb_column][et_pb_column type=\u00bb1_3&#8243; _builder_version=\u00bb4.7.4&#8243; _module_preset=\u00bbdefault\u00bb global_colors_info=\u00bb{}\u00bb][et_pb_image src=\u00bbhttps:\/\/urbanadventure.es\/valencia\/wp-content\/uploads\/sites\/2\/2021\/08\/tarif_nocturn-Valencia.jpg\u00bb title_text=\u00bbtarif_nocturn-Valencia\u00bb align=\u00bbcenter\u00bb _builder_version=\u00bb4.7.4&#8243; _module_preset=\u00bbdefault\u00bb global_colors_info=\u00bb{}\u00bb][\/et_pb_image][\/et_pb_column][\/et_pb_row][\/et_pb_section][et_pb_section fb_built=\u00bb1&#8243; _builder_version=\u00bb4.7.4&#8243; _module_preset=\u00bbdefault\u00bb background_image=\u00bbhttps:\/\/urbanadventure.es\/valencia\/wp-content\/uploads\/sites\/2\/2021\/08\/bg_1.jpg\u00bb custom_padding=\u00bb||29px|||\u00bb global_colors_info=\u00bb{}\u00bb][et_pb_row _builder_version=\u00bb4.7.4&#8243; _module_preset=\u00bbdefault\u00bb custom_margin=\u00bb-26px|auto||auto||\u00bb custom_padding=\u00bb||50px|||\u00bb global_colors_info=\u00bb{}\u00bb][et_pb_column type=\u00bb4_4&#8243; _builder_version=\u00bb4.7.4&#8243; _module_preset=\u00bbdefault\u00bb global_colors_info=\u00bb{}\u00bb][et_pb_text _builder_version=\u00bb4.7.4&#8243; _module_preset=\u00bbdefault\u00bb global_colors_info=\u00bb{}\u00bb]<\/p>\n<h3>Beneficios de Urban Paintball incluidos en nuestras tarifas<\/h3>\n<ul>\n<li>Previo a la actividad de Paintball el monitor de campo realizar\u00e1 una exposici\u00f3n detallada de las normas y recomendaciones de la actividad, as\u00ed como la sistem\u00e1tica de diferentes juegos.<\/li>\n<li>Monitores titulados y cualificados supervisando el desarrollo de la partida.<\/li>\n<li>Alquiler de equipo deportivo para la realizaci\u00f3n de la actividad.<\/li>\n<li>Seguros para la pr\u00e1ctica de la actividad.<\/li>\n<li>Uso de la zona de Picnic.<\/li>\n<li>Uso de las barbacoas.<\/li>\n<li>Iluminaci\u00f3n en la zona de juego.<\/li>\n<\/ul>\n<p>[\/et_pb_text][et_pb_text _builder_version=\u00bb4.7.4&#8243; _module_preset=\u00bbdefault\u00bb global_colors_info=\u00bb{}\u00bb]<\/p>\n<h3>Condiciones Particulares<\/h3>\n<ul>\n<li>Grupo m\u00ednimo de 8 personas (grupos inferiores consultar).<\/li>\n<li>Recomendamos realizar reserva previa (72 horas m\u00ednimo de antelaci\u00f3n) para un d\u00eda concreto a trav\u00e9s del tel\u00e9fono 633 300 344 o en\u00a0<a href=\"mailto:info@urbanadventure.es\" target=\"_blank\" rel=\"noopener\">info@urbanadventure.es.<\/a><\/li>\n<li>Los menores de 18 a\u00f1os deber\u00e1n traer cumplimentada y firmada la autorizaci\u00f3n por parte de un adulto.<\/li>\n<li>Para garantizar la seguridad de todos los participantes, la pr\u00e1ctica de la actividad estar\u00e1 sujeta a ciertas restricciones de edad y requiere determinadas condiciones f\u00edsicas y ps\u00edquicas.<\/li>\n<li>Tarifas sujetas a posibles modificaciones.<\/li>\n<li>Las ofertas o promociones no son acumulables.<\/li>\n<li>Queda terminantemente prohibida la pr\u00e1ctica de la actividad a toda persona que presente s\u00edntomas de embriaguez o consumo de cualquier tipo de estupefacientes.<\/li>\n<li>Se recomienda ropa c\u00f3moda y calzado cerrado para la pr\u00e1ctica de la actividad.<\/li>\n<\/ul>\n<p>[\/et_pb_text][\/et_pb_column][\/et_pb_row][\/et_pb_section][et_pb_section fb_built=\u00bb1&#8243; admin_label=\u00bbsection\u00bb _builder_version=\u00bb4.7.4&#8243; background_color=\u00bbrgba(255,255,255,0)\u00bb background_image=\u00bbhttps:\/\/urbanadventure.es\/valencia\/wp-content\/uploads\/sites\/2\/2021\/07\/paintball-valencia.png\u00bb custom_margin=\u00bb-41px||-52px|||\u00bb custom_padding=\u00bb68px||68px||true|\u00bb global_colors_info=\u00bb{}\u00bb][et_pb_row _builder_version=\u00bb4.7.4&#8243; _module_preset=\u00bbdefault\u00bb global_colors_info=\u00bb{}\u00bb][et_pb_column type=\u00bb4_4&#8243; _builder_version=\u00bb4.7.4&#8243; _module_preset=\u00bbdefault\u00bb global_colors_info=\u00bb{}\u00bb][et_pb_text _builder_version=\u00bb4.7.4&#8243; _module_preset=\u00bbdefault\u00bb text_font=\u00bb|800|||||||\u00bb text_text_color=\u00bb#000000&#8243; text_font_size=\u00bb46px\u00bb text_orientation=\u00bbcenter\u00bb global_colors_info=\u00bb{}\u00bb]<\/p>\n<p>[ <span style=\"color: #ffffff;\">HAZ TU RESERVA<\/span> ]<\/p>\n<p>[\/et_pb_text][\/et_pb_column][\/et_pb_row][et_pb_row column_structure=\u00bb1_3,1_3,1_3&#8243; _builder_version=\u00bb4.7.4&#8243; _module_preset=\u00bbdefault\u00bb width=\u00bb100%\u00bb global_colors_info=\u00bb{}\u00bb][et_pb_column type=\u00bb1_3&#8243; _builder_version=\u00bb4.7.4&#8243; _module_preset=\u00bbdefault\u00bb global_colors_info=\u00bb{}\u00bb][\/et_pb_column][et_pb_column type=\u00bb1_3&#8243; _builder_version=\u00bb4.7.4&#8243; _module_preset=\u00bbdefault\u00bb global_colors_info=\u00bb{}\u00bb][et_pb_text _builder_version=\u00bb4.7.4&#8243; _module_preset=\u00bbdefault\u00bb text_font_size=\u00bb20px\u00bb global_colors_info=\u00bb{}\u00bb]<\/p>\n<p style=\"text-align: center;\"><span style=\"color: #ffffff;\">No lo pienses m\u00e1s y disfruta de nuestras actividades a 5 minutos del centro de Valencia<\/span><\/p>\n<p>[\/et_pb_text][\/et_pb_column][et_pb_column type=\u00bb1_3&#8243; _builder_version=\u00bb4.7.4&#8243; _module_preset=\u00bbdefault\u00bb global_colors_info=\u00bb{}\u00bb][\/et_pb_column][\/et_pb_row][et_pb_row _builder_version=\u00bb4.7.4&#8243; _module_preset=\u00bbdefault\u00bb global_colors_info=\u00bb{}\u00bb][et_pb_column type=\u00bb4_4&#8243; _builder_version=\u00bb4.7.4&#8243; _module_preset=\u00bbdefault\u00bb global_colors_info=\u00bb{}\u00bb][et_pb_button button_text=\u00bbRESERVAR AHORA\u00bb button_alignment=\u00bbcenter\u00bb _builder_version=\u00bb4.7.4&#8243; _module_preset=\u00bbdefault\u00bb custom_button=\u00bbon\u00bb button_text_color=\u00bb#ffffff\u00bb button_bg_color=\u00bb#000000&#8243; button_border_color=\u00bb#000000&#8243; global_colors_info=\u00bb{}\u00bb][\/et_pb_button][\/et_pb_column][\/et_pb_row][\/et_pb_section]<\/p>\n","protected":false},"excerpt":{"rendered":"<p>TARIFASBeneficios de Urban Paintball incluidos en nuestras tarifas Previo a la actividad de Paintball el monitor de campo realizar\u00e1 una exposici\u00f3n detallada de las normas y recomendaciones de la actividad, as\u00ed como la sistem\u00e1tica de diferentes juegos. Monitores titulados y cualificados supervisando el desarrollo de la partida. Alquiler de equipo deportivo para la realizaci\u00f3n de [&hellip;]<\/p>\n","protected":false},"author":1,"featured_media":0,"parent":0,"menu_order":0,"comment_status":"closed","ping_status":"closed","template":"","meta":{"_et_pb_use_builder":"on","_et_pb_old_content":"","_et_gb_content_width":"","footnotes":""},"class_list":["post-202","page","type-page","status-publish","hentry"],"yoast_head":"<!-- This site is optimized with the Yoast SEO plugin v27.2 - https:\/\/yoast.com\/product\/yoast-seo-wordpress\/ -->\n<title>Tarifas - Urban Adventure Valencia<\/title>\n<meta name=\"robots\" content=\"index, follow, max-snippet:-1, max-image-preview:large, max-video-preview:-1\" \/>\n<link rel=\"canonical\" href=\"https:\/\/urbanadventure.es\/valencia\/tarifas\/\" \/>\n<meta property=\"og:locale\" content=\"es_ES\" \/>\n<meta property=\"og:type\" content=\"article\" \/>\n<meta property=\"og:title\" content=\"Tarifas - Urban Adventure Valencia\" \/>\n<meta property=\"og:description\" content=\"TARIFASBeneficios de Urban Paintball incluidos en nuestras tarifas Previo a la actividad de Paintball el monitor de campo realizar\u00e1 una exposici\u00f3n detallada de las normas y recomendaciones de la actividad, as\u00ed como la sistem\u00e1tica de diferentes juegos. Monitores titulados y cualificados supervisando el desarrollo de la partida. Alquiler de equipo deportivo para la realizaci\u00f3n de [&hellip;]\" \/>\n<meta property=\"og:url\" content=\"https:\/\/urbanadventure.es\/valencia\/tarifas\/\" \/>\n<meta property=\"og:site_name\" content=\"Urban Adventure Valencia\" \/>\n<meta property=\"article:modified_time\" content=\"2021-10-19T10:58:29+00:00\" \/>\n<meta name=\"twitter:card\" content=\"summary_large_image\" \/>\n<meta name=\"twitter:label1\" content=\"Tiempo de lectura\" \/>\n\t<meta name=\"twitter:data1\" content=\"4 minutos\" \/>\n<script type=\"application\/ld+json\" class=\"yoast-schema-graph\">{\"@context\":\"https:\/\/schema.org\",\"@graph\":[{\"@type\":\"WebPage\",\"@id\":\"https:\/\/urbanadventure.es\/valencia\/tarifas\/\",\"url\":\"https:\/\/urbanadventure.es\/valencia\/tarifas\/\",\"name\":\"Tarifas - Urban Adventure Valencia\",\"isPartOf\":{\"@id\":\"https:\/\/urbanadventure.es\/valencia\/#website\"},\"datePublished\":\"2021-08-10T06:54:29+00:00\",\"dateModified\":\"2021-10-19T10:58:29+00:00\",\"breadcrumb\":{\"@id\":\"https:\/\/urbanadventure.es\/valencia\/tarifas\/#breadcrumb\"},\"inLanguage\":\"es\",\"potentialAction\":[{\"@type\":\"ReadAction\",\"target\":[\"https:\/\/urbanadventure.es\/valencia\/tarifas\/\"]}]},{\"@type\":\"BreadcrumbList\",\"@id\":\"https:\/\/urbanadventure.es\/valencia\/tarifas\/#breadcrumb\",\"itemListElement\":[{\"@type\":\"ListItem\",\"position\":1,\"name\":\"Portada\",\"item\":\"https:\/\/urbanadventure.es\/valencia\/\"},{\"@type\":\"ListItem\",\"position\":2,\"name\":\"Tarifas\"}]},{\"@type\":\"WebSite\",\"@id\":\"https:\/\/urbanadventure.es\/valencia\/#website\",\"url\":\"https:\/\/urbanadventure.es\/valencia\/\",\"name\":\"Urban Adventure Valencia\",\"description\":\"Otro sitio m\u00e1s de Urban Adventure\",\"potentialAction\":[{\"@type\":\"SearchAction\",\"target\":{\"@type\":\"EntryPoint\",\"urlTemplate\":\"https:\/\/urbanadventure.es\/valencia\/?s={search_term_string}\"},\"query-input\":{\"@type\":\"PropertyValueSpecification\",\"valueRequired\":true,\"valueName\":\"search_term_string\"}}],\"inLanguage\":\"es\"}]}<\/script>\n<!-- \/ Yoast SEO plugin. -->","yoast_head_json":{"title":"Tarifas - Urban Adventure Valencia","robots":{"index":"index","follow":"follow","max-snippet":"max-snippet:-1","max-image-preview":"max-image-preview:large","max-video-preview":"max-video-preview:-1"},"canonical":"https:\/\/urbanadventure.es\/valencia\/tarifas\/","og_locale":"es_ES","og_type":"article","og_title":"Tarifas - Urban Adventure Valencia","og_description":"TARIFASBeneficios de Urban Paintball incluidos en nuestras tarifas Previo a la actividad de Paintball el monitor de campo realizar\u00e1 una exposici\u00f3n detallada de las normas y recomendaciones de la actividad, as\u00ed como la sistem\u00e1tica de diferentes juegos. Monitores titulados y cualificados supervisando el desarrollo de la partida. Alquiler de equipo deportivo para la realizaci\u00f3n de [&hellip;]","og_url":"https:\/\/urbanadventure.es\/valencia\/tarifas\/","og_site_name":"Urban Adventure Valencia","article_modified_time":"2021-10-19T10:58:29+00:00","twitter_card":"summary_large_image","twitter_misc":{"Tiempo de lectura":"4 minutos"},"schema":{"@context":"https:\/\/schema.org","@graph":[{"@type":"WebPage","@id":"https:\/\/urbanadventure.es\/valencia\/tarifas\/","url":"https:\/\/urbanadventure.es\/valencia\/tarifas\/","name":"Tarifas - Urban Adventure Valencia","isPartOf":{"@id":"https:\/\/urbanadventure.es\/valencia\/#website"},"datePublished":"2021-08-10T06:54:29+00:00","dateModified":"2021-10-19T10:58:29+00:00","breadcrumb":{"@id":"https:\/\/urbanadventure.es\/valencia\/tarifas\/#breadcrumb"},"inLanguage":"es","potentialAction":[{"@type":"ReadAction","target":["https:\/\/urbanadventure.es\/valencia\/tarifas\/"]}]},{"@type":"BreadcrumbList","@id":"https:\/\/urbanadventure.es\/valencia\/tarifas\/#breadcrumb","itemListElement":[{"@type":"ListItem","position":1,"name":"Portada","item":"https:\/\/urbanadventure.es\/valencia\/"},{"@type":"ListItem","position":2,"name":"Tarifas"}]},{"@type":"WebSite","@id":"https:\/\/urbanadventure.es\/valencia\/#website","url":"https:\/\/urbanadventure.es\/valencia\/","name":"Urban Adventure Valencia","description":"Otro sitio m\u00e1s de Urban Adventure","potentialAction":[{"@type":"SearchAction","target":{"@type":"EntryPoint","urlTemplate":"https:\/\/urbanadventure.es\/valencia\/?s={search_term_string}"},"query-input":{"@type":"PropertyValueSpecification","valueRequired":true,"valueName":"search_term_string"}}],"inLanguage":"es"}]}},"_links":{"self":[{"href":"http:\/\/urbanadventure.es\/valencia\/wp-json\/wp\/v2\/pages\/202","targetHints":{"allow":["GET"]}}],"collection":[{"href":"http:\/\/urbanadventure.es\/valencia\/wp-json\/wp\/v2\/pages"}],"about":[{"href":"http:\/\/urbanadventure.es\/valencia\/wp-json\/wp\/v2\/types\/page"}],"author":[{"embeddable":true,"href":"http:\/\/urbanadventure.es\/valencia\/wp-json\/wp\/v2\/users\/1"}],"replies":[{"embeddable":true,"href":"http:\/\/urbanadventure.es\/valencia\/wp-json\/wp\/v2\/comments?post=202"}],"version-history":[{"count":4,"href":"http:\/\/urbanadventure.es\/valencia\/wp-json\/wp\/v2\/pages\/202\/revisions"}],"predecessor-version":[{"id":659,"href":"http:\/\/urbanadventure.es\/valencia\/wp-json\/wp\/v2\/pages\/202\/revisions\/659"}],"wp:attachment":[{"href":"http:\/\/urbanadventure.es\/valencia\/wp-json\/wp\/v2\/media?parent=202"}],"curies":[{"name":"wp","href":"https:\/\/api.w.org\/{rel}","templated":true}]}}